{"id":32498,"date":"2018-11-18T00:26:30","date_gmt":"2018-11-17T23:26:30","guid":{"rendered":"https:\/\/qosmeo.fr\/?post_type=product&#038;p=32498"},"modified":"2022-02-26T23:14:09","modified_gmt":"2022-02-26T22:14:09","slug":"carte-cadeau-qosmeo-200e","status":"publish","type":"product","link":"https:\/\/qosmeo.fr\/index.php\/produit\/carte-cadeau-qosmeo-200e\/","title":{"rendered":"Carte Cadeau Qosm\u00e9o 200\u20ac"},"content":{"rendered":"<p>La bonne id\u00e9e cadeau qui marche \u00e0 tous les coups : Offrez du bonheur avec la carte cadeau Qosm\u00e9o.<\/p>\n<p>Toutes nos\u00a0cartes cadeaux\u00a0sont valables pendant 1 an sur tous les produits et prestations\u00a0 de l&#8217;institut !<\/p>\n<p>Apr\u00e8s votre r\u00e8glement vous pouvez :<\/p>\n<ul>\n<li>La t\u00e9l\u00e9charger directement avec la possibilit\u00e9 de l&#8217;imprimer en recto\/verso avec votre imprimante ou de l&#8217;envoyer par mail.<\/li>\n<li>Venir la r\u00e9cup\u00e9rer \u00e0 l\u2019institut.<\/li>\n<\/ul>\n","protected":false},"excerpt":{"rendered":"<p>La bonne id\u00e9e cadeau qui marche \u00e0 tous les coups : Offrez du bonheur avec la carte cadeau Qosm\u00e9o.<\/p>\n<p>Toutes nos\u00a0cartes cadeaux\u00a0sont valables pendant 1 an sur tous les produits et prestations\u00a0 de l&#8217;institut !<\/p>\n<p>&nbsp;<\/p>\n","protected":false},"featured_media":32418,"comment_status":"closed","ping_status":"closed","template":"","meta":[],"product_brand":[],"product_cat":[18],"product_tag":[19],"class_list":{"0":"post-32498","1":"product","2":"type-product","3":"status-publish","4":"has-post-thumbnail","6":"product_cat-carte-cadeau","7":"product_tag-carte-cadeau","9":"first","10":"instock","11":"downloadable","12":"virtual","13":"taxable","14":"purchasable","15":"product-type-simple"},"_links":{"self":[{"href":"https:\/\/qosmeo.fr\/index.php\/wp-json\/wp\/v2\/product\/32498","targetHints":{"allow":["GET"]}}],"collection":[{"href":"https:\/\/qosmeo.fr\/index.php\/wp-json\/wp\/v2\/product"}],"about":[{"href":"https:\/\/qosmeo.fr\/index.php\/wp-json\/wp\/v2\/types\/product"}],"replies":[{"embeddable":true,"href":"https:\/\/qosmeo.fr\/index.php\/wp-json\/wp\/v2\/comments?post=32498"}],"wp:featuredmedia":[{"embeddable":true,"href":"https:\/\/qosmeo.fr\/index.php\/wp-json\/wp\/v2\/media\/32418"}],"wp:attachment":[{"href":"https:\/\/qosmeo.fr\/index.php\/wp-json\/wp\/v2\/media?parent=32498"}],"wp:term":[{"taxonomy":"product_brand","embeddable":true,"href":"https:\/\/qosmeo.fr\/index.php\/wp-json\/wp\/v2\/product_brand?post=32498"},{"taxonomy":"product_cat","embeddable":true,"href":"https:\/\/qosmeo.fr\/index.php\/wp-json\/wp\/v2\/product_cat?post=32498"},{"taxonomy":"product_tag","embeddable":true,"href":"https:\/\/qosmeo.fr\/index.php\/wp-json\/wp\/v2\/product_tag?post=32498"}],"curies":[{"name":"wp","href":"https:\/\/api.w.org\/{rel}","templated":true}]}}