{"id":196774,"date":"2024-12-03T21:30:44","date_gmt":"2024-12-03T20:30:44","guid":{"rendered":"https:\/\/qosmeo.fr\/?post_type=product&#038;p=196774"},"modified":"2024-12-03T21:36:09","modified_gmt":"2024-12-03T20:36:09","slug":"carte-cadeau-qosmeo-massage-du-visage-30min-massage-du-corps-30min","status":"publish","type":"product","link":"https:\/\/qosmeo.fr\/index.php\/produit\/carte-cadeau-qosmeo-massage-du-visage-30min-massage-du-corps-30min\/","title":{"rendered":"Carte Cadeau Qosm\u00e9o Massage du visage (30min) + massage du corps (30min)"},"content":{"rendered":"<p>Carte Cadeau Qosm\u00e9o\u00a0 un massage du visage (30min) + massage du corps (30min)<\/p>\n<p>Vivez une exp\u00e9rience de beaut\u00e9 et de bien-\u00eatre<br \/>\nUne parenth\u00e8se de d\u00e9tente gr\u00e2ce \u00e0 nos soins revitalisants et massages apaisants.<\/p>\n<p>La bonne id\u00e9e cadeau qui marche \u00e0 tous les coups : Offrez du bonheur avec la carte cadeau Qosm\u00e9o.<\/p>\n<p>Toutes nos\u00a0cartes cadeaux\u00a0sont valables pendant 1 an sur tous les produits et prestations\u00a0 de l&#8217;institut !<\/p>\n","protected":false},"excerpt":{"rendered":"<p>Carte Cadeau Qosm\u00e9o un massage du visage (30min) + massage du corps (30min)<\/p>\n<p>Apr\u00e8s l&#8217;achat de votre carte cadeau vous pourrez la t\u00e9l\u00e9charger directement sur le site dans votre espace.<\/p>\n","protected":false},"featured_media":195741,"comment_status":"closed","ping_status":"closed","template":"","meta":[],"product_brand":[],"product_cat":[18],"product_tag":[19],"class_list":{"0":"post-196774","1":"product","2":"type-product","3":"status-publish","4":"has-post-thumbnail","6":"product_cat-carte-cadeau","7":"product_tag-carte-cadeau","9":"first","10":"instock","11":"downloadable","12":"virtual","13":"taxable","14":"purchasable","15":"product-type-simple"},"_links":{"self":[{"href":"https:\/\/qosmeo.fr\/index.php\/wp-json\/wp\/v2\/product\/196774","targetHints":{"allow":["GET"]}}],"collection":[{"href":"https:\/\/qosmeo.fr\/index.php\/wp-json\/wp\/v2\/product"}],"about":[{"href":"https:\/\/qosmeo.fr\/index.php\/wp-json\/wp\/v2\/types\/product"}],"replies":[{"embeddable":true,"href":"https:\/\/qosmeo.fr\/index.php\/wp-json\/wp\/v2\/comments?post=196774"}],"wp:featuredmedia":[{"embeddable":true,"href":"https:\/\/qosmeo.fr\/index.php\/wp-json\/wp\/v2\/media\/195741"}],"wp:attachment":[{"href":"https:\/\/qosmeo.fr\/index.php\/wp-json\/wp\/v2\/media?parent=196774"}],"wp:term":[{"taxonomy":"product_brand","embeddable":true,"href":"https:\/\/qosmeo.fr\/index.php\/wp-json\/wp\/v2\/product_brand?post=196774"},{"taxonomy":"product_cat","embeddable":true,"href":"https:\/\/qosmeo.fr\/index.php\/wp-json\/wp\/v2\/product_cat?post=196774"},{"taxonomy":"product_tag","embeddable":true,"href":"https:\/\/qosmeo.fr\/index.php\/wp-json\/wp\/v2\/product_tag?post=196774"}],"curies":[{"name":"wp","href":"https:\/\/api.w.org\/{rel}","templated":true}]}}