{"id":195101,"date":"2020-05-03T22:46:02","date_gmt":"2020-05-03T20:46:02","guid":{"rendered":"https:\/\/qosmeo.fr\/?post_type=product&#038;p=195101"},"modified":"2021-04-03T08:57:49","modified_gmt":"2021-04-03T06:57:49","slug":"soin-nutri-protecteur-phyts","status":"publish","type":"product","link":"https:\/\/qosmeo.fr\/index.php\/produit\/soin-nutri-protecteur-phyts\/","title":{"rendered":"Soin Nutri-Protecteur Phyts"},"content":{"rendered":"<p><font face=\"Montserrat\">Protection des peaux s\u00e8ches et fines<\/p>\n<p>Par ses actifs, elle prot\u00e8ge le film hydrolipidique et renforce la barri\u00e8re de<br \/>\nprotection de l\u2019\u00e9piderme. La peau retrouve confort, douceur et souplesse.<br \/>\nPour les inconditionnels de la senteur d\u2019Ylang.<\/p>\n<p>\u2022 Huile v\u00e9g\u00e9tale de Noisette* : <strong>Protectrice, elle pr\u00e9vient la d\u00e9shydratation<br \/>\nde la peau. Adoucissante et antioxydante, elle nourrit la peau sans laisser un<br \/>\nfilm gras.<\/strong><br \/>\n\u2022 Vitamine E d\u2019origine v\u00e9g\u00e9tale : Aide \u00e0 maintenir l&#8217;\u00e9lasticit\u00e9 et l&#8217;hydratation<br \/>\nde la peau en renfor\u00e7ant le film hydrolipidique cutan\u00e9. Anti-\u00e2ge, elle aide \u00e0<br \/>\nlutter contre les radicaux libres et <strong>prot\u00e8ge ainsi la peau du vieillissement<br \/>\npr\u00e9matur\u00e9.<\/strong><br \/>\n\u2022 Huile essentielle d\u2019Ylang-Ylang* : <strong>Equilibre<\/strong>.<br \/>\n\u2022 Germe de Bl\u00e9 : Renforce l\u2019\u00e9lasticit\u00e9 de la peau.<strong> Action anti-\u00e2ge.<\/strong><\/p>\n<p>*ingr\u00e9dient d\u2019origine Biologique<br \/>\n100% des ingr\u00e9dients sont d\u2019origine naturelle<br \/>\n33% sont issus de l\u2019Agriculture Biologique<\/p>\n<p>Apr\u00e8s avoir nettoy\u00e9 le visage et le cou, masser la cr\u00e8me sur l\u2019ensemble du<br \/>\nvisage et du cou. Excellente base de maquillage.<\/p>\n<p>R\u00e9f\u00e9rence : 3760126260333<\/p>\n<p><a href=\"https:\/\/www.cosmebio.org\/fr\/\" rel=\"noopener noreferrer\" target=\"_blank\">cosm\u00e9tiques labellis\u00e9s Cosm\u00e9bio<\/a><\/font><\/p>\n<p>\n","protected":false},"excerpt":{"rendered":"<p><font face=\"Montserrat\">Type de peaux : Peaux s\u00e8ches et fines.<br \/>\nGr\u00e2ce \u00e0 ses actifs nourrissants, le Soin Nutri-Protecteur Phyt&#8217;s prot\u00e8ge le film hydrolipidique. La peau retrouve confort, douceur et souplesse. Pour les inconditionnels de la senteur d\u2019Ylang.<\/font><\/p>\n<p>\n","protected":false},"featured_media":195102,"comment_status":"closed","ping_status":"closed","template":"","meta":[],"product_brand":[],"product_cat":[30,26,33,27],"product_tag":[],"class_list":{"0":"post-195101","1":"product","2":"type-product","3":"status-publish","4":"has-post-thumbnail","6":"product_cat-bio","7":"product_cat-visage","8":"product_cat-gamme-de-soins-visage-douceur","9":"product_cat-phyts","11":"first","12":"instock","13":"taxable","14":"shipping-taxable","15":"purchasable","16":"product-type-simple"},"_links":{"self":[{"href":"https:\/\/qosmeo.fr\/index.php\/wp-json\/wp\/v2\/product\/195101","targetHints":{"allow":["GET"]}}],"collection":[{"href":"https:\/\/qosmeo.fr\/index.php\/wp-json\/wp\/v2\/product"}],"about":[{"href":"https:\/\/qosmeo.fr\/index.php\/wp-json\/wp\/v2\/types\/product"}],"replies":[{"embeddable":true,"href":"https:\/\/qosmeo.fr\/index.php\/wp-json\/wp\/v2\/comments?post=195101"}],"wp:featuredmedia":[{"embeddable":true,"href":"https:\/\/qosmeo.fr\/index.php\/wp-json\/wp\/v2\/media\/195102"}],"wp:attachment":[{"href":"https:\/\/qosmeo.fr\/index.php\/wp-json\/wp\/v2\/media?parent=195101"}],"wp:term":[{"taxonomy":"product_brand","embeddable":true,"href":"https:\/\/qosmeo.fr\/index.php\/wp-json\/wp\/v2\/product_brand?post=195101"},{"taxonomy":"product_cat","embeddable":true,"href":"https:\/\/qosmeo.fr\/index.php\/wp-json\/wp\/v2\/product_cat?post=195101"},{"taxonomy":"product_tag","embeddable":true,"href":"https:\/\/qosmeo.fr\/index.php\/wp-json\/wp\/v2\/product_tag?post=195101"}],"curies":[{"name":"wp","href":"https:\/\/api.w.org\/{rel}","templated":true}]}}