{"id":195097,"date":"2020-05-03T22:06:25","date_gmt":"2020-05-03T20:06:25","guid":{"rendered":"https:\/\/qosmeo.fr\/?post_type=product&#038;p=195097"},"modified":"2021-04-03T08:57:49","modified_gmt":"2021-04-03T06:57:49","slug":"activpeel-phyts","status":"publish","type":"product","link":"https:\/\/qosmeo.fr\/index.php\/produit\/activpeel-phyts\/","title":{"rendered":"Activ\u2019Peel Phyts"},"content":{"rendered":"<p><font face=\"Montserrat\">Gommage exfoliant.<br \/>\nId\u00e9al pour les peaux mixtes \u00e0 grasses.<\/p>\n<p>Une divine alliance d\u2019huiles essentielles et d\u2019extraits v\u00e9g\u00e9taux connus pour leurs vertus purifiantes et astringentes alli\u00e9e \u00e0 la d\u00e9licatesse d\u2019une gel\u00e9e exfoliante vert d\u2019eau pour une peau nette et fra\u00eeche. L\u2019extrait de Bambou exfolie, lib\u00e8re les pores et \u00e9limine cellules mortes et impuret\u00e9s.<\/p>\n<p>\u2022 Extrait de Bambou : <strong>Exfolie et \u00e9limine cellules mortes et impuret\u00e9s.<\/strong><br \/>\n\u2022 G\u00e9ranium*, Citron*, Pens\u00e9e* : <strong>Vertus purifiantes et astringentes.<\/strong><br \/>\n*ingr\u00e9dient d\u2019origine Biologique<\/p>\n<p>Une \u00e0 deux fois par semaine, appliquer sur la peau humide. Gommer doucement en effectuant des mouvements circulaires. Insister sur la zone T. Rincer.<\/p>\n<p>R\u00e9f\u00e9rence : 3760126261484<\/p>\n<p><a href=\"https:\/\/www.cosmebio.org\/fr\/\" rel=\"noopener noreferrer\" target=\"_blank\">cosm\u00e9tiques labellis\u00e9s Cosm\u00e9bio<\/a><\/font><\/p>\n<p>\n","protected":false},"excerpt":{"rendered":"<p><font face=\"Montserrat\"> Id\u00e9al pour les peaux mixtes \u00e0 grasses, l&#8217;Activ&#8217;Peel, gel exfoliant visage, lib\u00e8re les pores de leurs impuret\u00e9s, pour un grain de peau visiblement affin\u00e9 et une peau nette et fra\u00eeche.<\/font><\/p>\n<p>\n","protected":false},"featured_media":195098,"comment_status":"closed","ping_status":"closed","template":"","meta":[],"product_brand":[],"product_cat":[30,26,32,27],"product_tag":[],"class_list":{"0":"post-195097","1":"product","2":"type-product","3":"status-publish","4":"has-post-thumbnail","6":"product_cat-bio","7":"product_cat-visage","8":"product_cat-demaquillant-et-nettoyant","9":"product_cat-phyts","11":"first","12":"instock","13":"taxable","14":"shipping-taxable","15":"purchasable","16":"product-type-simple"},"_links":{"self":[{"href":"https:\/\/qosmeo.fr\/index.php\/wp-json\/wp\/v2\/product\/195097","targetHints":{"allow":["GET"]}}],"collection":[{"href":"https:\/\/qosmeo.fr\/index.php\/wp-json\/wp\/v2\/product"}],"about":[{"href":"https:\/\/qosmeo.fr\/index.php\/wp-json\/wp\/v2\/types\/product"}],"replies":[{"embeddable":true,"href":"https:\/\/qosmeo.fr\/index.php\/wp-json\/wp\/v2\/comments?post=195097"}],"wp:featuredmedia":[{"embeddable":true,"href":"https:\/\/qosmeo.fr\/index.php\/wp-json\/wp\/v2\/media\/195098"}],"wp:attachment":[{"href":"https:\/\/qosmeo.fr\/index.php\/wp-json\/wp\/v2\/media?parent=195097"}],"wp:term":[{"taxonomy":"product_brand","embeddable":true,"href":"https:\/\/qosmeo.fr\/index.php\/wp-json\/wp\/v2\/product_brand?post=195097"},{"taxonomy":"product_cat","embeddable":true,"href":"https:\/\/qosmeo.fr\/index.php\/wp-json\/wp\/v2\/product_cat?post=195097"},{"taxonomy":"product_tag","embeddable":true,"href":"https:\/\/qosmeo.fr\/index.php\/wp-json\/wp\/v2\/product_tag?post=195097"}],"curies":[{"name":"wp","href":"https:\/\/api.w.org\/{rel}","templated":true}]}}