{"id":195093,"date":"2020-05-03T21:39:23","date_gmt":"2020-05-03T19:39:23","guid":{"rendered":"https:\/\/qosmeo.fr\/?post_type=product&#038;p=195093"},"modified":"2021-04-03T08:57:50","modified_gmt":"2021-04-03T06:57:50","slug":"gommage-contact-phyts","status":"publish","type":"product","link":"https:\/\/qosmeo.fr\/index.php\/produit\/gommage-contact-phyts\/","title":{"rendered":"Gommage Contact + Phyts"},"content":{"rendered":"<p><font face=\"Montserrat\">Gommage douceur tous types de peaux.<br \/>\nId\u00e9al pour les peaux mixtes \u00e0 s\u00e8ches et les peaux d\u00e9licates.<\/p>\n<p>\u00c9limine en douceur les cellules mortes superficielles sans d\u00e9grader le film<br \/>\nprotecteur de la peau et illumine le teint.<\/p>\n<p>\u2022 Ylang Ylang* : <strong>Adoucissante<\/strong>.<br \/>\n\u2022 Tournesol* : <strong>Pr\u00e9serve l\u2019hydratation de la peau.<\/strong><br \/>\n\u2022 Cellules V\u00e9g\u00e9tales : <strong>Absorbantes, exfoliant doux<\/strong>.<\/p>\n<p>*ingr\u00e9dient d\u2019origine Biologique<br \/>\n100% des ingr\u00e9dients sont d\u2019origine naturelle<br \/>\n15% sont issus de l\u2019Agriculture Biologique<\/p>\n<p>R\u00e9f\u00e9rence : 3760126260081<\/p>\n<p>Une \u00e0 deux fois par semaine.<br \/>\nApr\u00e8s un bon nettoyage de la peau, appliquer le Gommage Contact + en<br \/>\ntr\u00e8s fine couche sur le visage, le cou, les paupi\u00e8res et les l\u00e8vres. Laisser<br \/>\nposer 5 minutes. Gommer le, sous les doigts il peluche. Retirer le et<br \/>\nterminer votre gommage en tonifiant votre peau avec un hydrol\u00e9 adapt\u00e9.<br \/>\nS\u00e9cher votre peau \u00e0 l\u2019aide d\u2019un mouchoir en papier<\/p>\n<p><a href=\"https:\/\/www.cosmebio.org\/fr\/\" rel=\"noopener noreferrer\" target=\"_blank\">cosm\u00e9tiques labellis\u00e9s Cosm\u00e9bio<\/a><\/font><\/p>\n<p>\n","protected":false},"excerpt":{"rendered":"<p><font face=\"Montserrat\">  Gommage douceur tous types de peaux. Id\u00e9al pour les peaux mixtes \u00e0 s\u00e8ches et les peaux d\u00e9licates.<\/p>\n<p>\u00c9limine en douceur les cellules mortes superficielles sans d\u00e9grader le film protecteur de la peau et illumine le teint.<\/font><\/p>\n<p>\n","protected":false},"featured_media":195096,"comment_status":"closed","ping_status":"closed","template":"","meta":[],"product_brand":[],"product_cat":[30,26,32,27],"product_tag":[],"class_list":{"0":"post-195093","1":"product","2":"type-product","3":"status-publish","4":"has-post-thumbnail","6":"product_cat-bio","7":"product_cat-visage","8":"product_cat-demaquillant-et-nettoyant","9":"product_cat-phyts","11":"first","12":"instock","13":"taxable","14":"shipping-taxable","15":"purchasable","16":"product-type-simple"},"_links":{"self":[{"href":"https:\/\/qosmeo.fr\/index.php\/wp-json\/wp\/v2\/product\/195093","targetHints":{"allow":["GET"]}}],"collection":[{"href":"https:\/\/qosmeo.fr\/index.php\/wp-json\/wp\/v2\/product"}],"about":[{"href":"https:\/\/qosmeo.fr\/index.php\/wp-json\/wp\/v2\/types\/product"}],"replies":[{"embeddable":true,"href":"https:\/\/qosmeo.fr\/index.php\/wp-json\/wp\/v2\/comments?post=195093"}],"wp:featuredmedia":[{"embeddable":true,"href":"https:\/\/qosmeo.fr\/index.php\/wp-json\/wp\/v2\/media\/195096"}],"wp:attachment":[{"href":"https:\/\/qosmeo.fr\/index.php\/wp-json\/wp\/v2\/media?parent=195093"}],"wp:term":[{"taxonomy":"product_brand","embeddable":true,"href":"https:\/\/qosmeo.fr\/index.php\/wp-json\/wp\/v2\/product_brand?post=195093"},{"taxonomy":"product_cat","embeddable":true,"href":"https:\/\/qosmeo.fr\/index.php\/wp-json\/wp\/v2\/product_cat?post=195093"},{"taxonomy":"product_tag","embeddable":true,"href":"https:\/\/qosmeo.fr\/index.php\/wp-json\/wp\/v2\/product_tag?post=195093"}],"curies":[{"name":"wp","href":"https:\/\/api.w.org\/{rel}","templated":true}]}}