{"id":194626,"date":"2020-04-13T00:22:14","date_gmt":"2020-04-12T22:22:14","guid":{"rendered":"https:\/\/qosmeo.fr\/?post_type=product&#038;p=194626"},"modified":"2021-04-03T09:04:34","modified_gmt":"2021-04-03T07:04:34","slug":"hydrole-eucalyptus-phyts","status":"publish","type":"product","link":"https:\/\/qosmeo.fr\/index.php\/produit\/hydrole-eucalyptus-phyts\/","title":{"rendered":"Hydrol\u00e9 Eucalyptus Phyts"},"content":{"rendered":"<p><font face=\"Montserrat\">    Purifiant, dynamisant et astringent.<br \/>\nParfait le nettoyage ou le d\u00e9maquillage (sans alcool,sans glyc\u00e9rine).<br \/>\nSoin tonique purifiant.<br \/>\nId\u00e9al pour les peaux mixtes \u00e0 grasses.<br \/>\n\u2022 Eucalyptus*, Niaouli* : <strong>Purifiants<\/strong>.<br \/>\n\u2022 Millefeuille, Magn\u00e9sium : <strong>Apaisants<\/strong>.<br \/>\n<strong>*ingr\u00e9dient d\u2019origine Biologique<br \/>\n100% des ingr\u00e9dients sont d\u2019origine naturelle<br \/>\n56% sont issus de l\u2019Agriculture Biologique<\/strong><br \/>\n<a href=\"https:\/\/www.cosmebio.org\/fr\/\" rel=\"noopener noreferrer\" target=\"_blank\">cosm\u00e9tiques labellis\u00e9s Cosm\u00e9bio<\/a><\/p>\n<p>R\u00e9f\u00e9rence : 3760126260067 Flacon 200ml <\/font><\/p>\n<p>\n","protected":false},"excerpt":{"rendered":"<p><font face=\"Montserrat\"> Id\u00e9al pour les peaux mixtes \u00e0 grasses.<br \/>\nAgiter le flacon avant utilisation et appliquer sur le visage et le cou \u00e0 l\u2019aide d\u2019un coton. S\u00e9cher votre peau \u00e0 l\u2019aide d\u2019un mouchoir en papier; soin tonique purifiant.<br \/>\n<\/font><\/p>\n<p>\n","protected":false},"featured_media":194628,"comment_status":"closed","ping_status":"closed","template":"","meta":[],"product_brand":[],"product_cat":[30,26,32,27],"product_tag":[],"class_list":{"0":"post-194626","1":"product","2":"type-product","3":"status-publish","4":"has-post-thumbnail","6":"product_cat-bio","7":"product_cat-visage","8":"product_cat-demaquillant-et-nettoyant","9":"product_cat-phyts","11":"first","12":"instock","13":"taxable","14":"shipping-taxable","15":"purchasable","16":"product-type-simple"},"_links":{"self":[{"href":"https:\/\/qosmeo.fr\/index.php\/wp-json\/wp\/v2\/product\/194626","targetHints":{"allow":["GET"]}}],"collection":[{"href":"https:\/\/qosmeo.fr\/index.php\/wp-json\/wp\/v2\/product"}],"about":[{"href":"https:\/\/qosmeo.fr\/index.php\/wp-json\/wp\/v2\/types\/product"}],"replies":[{"embeddable":true,"href":"https:\/\/qosmeo.fr\/index.php\/wp-json\/wp\/v2\/comments?post=194626"}],"wp:featuredmedia":[{"embeddable":true,"href":"https:\/\/qosmeo.fr\/index.php\/wp-json\/wp\/v2\/media\/194628"}],"wp:attachment":[{"href":"https:\/\/qosmeo.fr\/index.php\/wp-json\/wp\/v2\/media?parent=194626"}],"wp:term":[{"taxonomy":"product_brand","embeddable":true,"href":"https:\/\/qosmeo.fr\/index.php\/wp-json\/wp\/v2\/product_brand?post=194626"},{"taxonomy":"product_cat","embeddable":true,"href":"https:\/\/qosmeo.fr\/index.php\/wp-json\/wp\/v2\/product_cat?post=194626"},{"taxonomy":"product_tag","embeddable":true,"href":"https:\/\/qosmeo.fr\/index.php\/wp-json\/wp\/v2\/product_tag?post=194626"}],"curies":[{"name":"wp","href":"https:\/\/api.w.org\/{rel}","templated":true}]}}