{"id":194620,"date":"2020-04-12T23:44:36","date_gmt":"2020-04-12T21:44:36","guid":{"rendered":"https:\/\/qosmeo.fr\/?post_type=product&#038;p=194620"},"modified":"2021-04-03T09:04:35","modified_gmt":"2021-04-03T07:04:35","slug":"lait-nettoyant-phyts","status":"publish","type":"product","link":"https:\/\/qosmeo.fr\/index.php\/produit\/lait-nettoyant-phyts\/","title":{"rendered":"Lait Nettoyant Phyts"},"content":{"rendered":"<p><font face=\"Montserrat\">    L\u2019inconditionnel des peaux n\u2019aimant pas le contact de l\u2019eau.<br \/>\nParticuli\u00e8rement recommand\u00e9 pour les peaux s\u00e8ches. Le Lait Nettoyant<br \/>\n\u00e9limine les poussi\u00e8res incrust\u00e9es dans les pores et follicules pendant la<br \/>\njourn\u00e9e, ainsi que les colorants du maquillage. Il laisse une peau souple,<br \/>\nnette et velout\u00e9e.<\/p>\n<p>\u2022 Citron* : <strong>Adoucit, tonifie la peau.<\/strong><br \/>\n\u2022 Verveine* :<strong> Rafra\u00eechit.<\/strong><br \/>\n\u2022 Noisette* : <strong>Nourrit, adoucit.<\/strong><br \/>\n*ingr\u00e9dient d\u2019origine Biologique<br \/>\nR\u00e9f\u00e9rence : 3760126260036 200g<br \/>\n<strong>100% des ingr\u00e9dients sont d\u2019origine naturelle<br \/>\n33% sont issus de l\u2019Agriculture Biologique<\/strong><br \/>\n<a href=\"https:\/\/www.cosmebio.org\/fr\/\" rel=\"noopener noreferrer\" target=\"_blank\">cosm\u00e9tiques labellis\u00e9s Cosm\u00e9bio<\/a><\/font><\/p>\n<p>\n","protected":false},"excerpt":{"rendered":"<p><font face=\"Montserrat\">Matin et \/ou soir, \u00e9mulsionner quelques touches de Lait Nettoyant sur<br \/>\nl\u2019ensemble du visage et du cou. \u00d4ter avec un mouchoir en papier. Terminer<br \/>\nvotre nettoyage en tonifiant votre peau avec un hydrol\u00e9 adapt\u00e9. S\u00e9cher<br \/>\nvotre peau \u00e0 l\u2019aide d\u2019un mouchoir en papier.<\/font><\/p>\n<p>\n","protected":false},"featured_media":194621,"comment_status":"closed","ping_status":"closed","template":"","meta":[],"product_brand":[],"product_cat":[30,26,32,27],"product_tag":[],"class_list":{"0":"post-194620","1":"product","2":"type-product","3":"status-publish","4":"has-post-thumbnail","6":"product_cat-bio","7":"product_cat-visage","8":"product_cat-demaquillant-et-nettoyant","9":"product_cat-phyts","11":"first","12":"instock","13":"taxable","14":"shipping-taxable","15":"purchasable","16":"product-type-simple"},"_links":{"self":[{"href":"https:\/\/qosmeo.fr\/index.php\/wp-json\/wp\/v2\/product\/194620","targetHints":{"allow":["GET"]}}],"collection":[{"href":"https:\/\/qosmeo.fr\/index.php\/wp-json\/wp\/v2\/product"}],"about":[{"href":"https:\/\/qosmeo.fr\/index.php\/wp-json\/wp\/v2\/types\/product"}],"replies":[{"embeddable":true,"href":"https:\/\/qosmeo.fr\/index.php\/wp-json\/wp\/v2\/comments?post=194620"}],"wp:featuredmedia":[{"embeddable":true,"href":"https:\/\/qosmeo.fr\/index.php\/wp-json\/wp\/v2\/media\/194621"}],"wp:attachment":[{"href":"https:\/\/qosmeo.fr\/index.php\/wp-json\/wp\/v2\/media?parent=194620"}],"wp:term":[{"taxonomy":"product_brand","embeddable":true,"href":"https:\/\/qosmeo.fr\/index.php\/wp-json\/wp\/v2\/product_brand?post=194620"},{"taxonomy":"product_cat","embeddable":true,"href":"https:\/\/qosmeo.fr\/index.php\/wp-json\/wp\/v2\/product_cat?post=194620"},{"taxonomy":"product_tag","embeddable":true,"href":"https:\/\/qosmeo.fr\/index.php\/wp-json\/wp\/v2\/product_tag?post=194620"}],"curies":[{"name":"wp","href":"https:\/\/api.w.org\/{rel}","templated":true}]}}