{"id":194436,"date":"2020-04-04T01:13:08","date_gmt":"2020-04-03T23:13:08","guid":{"rendered":"https:\/\/qosmeo.fr\/?post_type=product&#038;p=194436"},"modified":"2021-04-03T09:04:36","modified_gmt":"2021-04-03T07:04:36","slug":"serum-defroissant-yeux-phyts-15gr","status":"publish","type":"product","link":"https:\/\/qosmeo.fr\/index.php\/produit\/serum-defroissant-yeux-phyts-15gr\/","title":{"rendered":"S\u00e9rum D\u00e9froissant Yeux Phyts 15gr"},"content":{"rendered":"<p><font face=\"Montserrat\">Gr\u00e2ce \u00e0 son effet tenseur instantan\u00e9, sa synergie Silicium &#8211; Potassium et sa haute concentration en complexe Phyto-Actif Regard, ce s\u00e9rum d\u00e9fatigue et d\u00e9froisse le contour des yeux : les poches diminuent, les cernes s\u2019att\u00e9nuent, les paupi\u00e8res d\u00e9gonflent, le contour des yeux est<br \/>\ndrain\u00e9, repos\u00e9 et dynamis\u00e9.<\/p>\n<p>\u2022 Silicium: <strong>Raffermissant<\/strong>.<br \/>\n\u2022 Acide hyaluronique : <strong>Propri\u00e9t\u00e9s hydratantes<\/strong>.<br \/>\n\u2022 Potassium : <strong>Drainant<\/strong><br \/>\n\u2022 Actif tenseur naturel issu de la gomme d\u2019Acacia : <strong>Effet tenseur<br \/>\nimm\u00e9diat.<\/strong><br \/>\n\u2022 Complexe Phyto-Actif Regard :<strong> Alliance de 5 extraits v\u00e9g\u00e9taux Bio qui<br \/>\nagissent en synergie pour assurer une prise en charge globale du<br \/>\ncontour de l\u2019\u0153il<\/strong> : Bourgeon de Sorbier, Marron d\u2019Inde, Arnica<br \/>\nMontana, Centella Asiatica et Reine des Pr\u00e9s.<\/p>\n<p><a href=\"https:\/\/www.cosmebio.org\/fr\/\" rel=\"noopener noreferrer\" target=\"_blank\">cosm\u00e9tiques labellis\u00e9s Cosm\u00e9bio<\/a><\/font><\/p>\n<p>\n","protected":false},"excerpt":{"rendered":"<p><font face=\"Montserrat\">    Matin et soir sur une peau d\u00e9maquill\u00e9e et nettoy\u00e9e, r\u00e9aliser la<br \/>\ngestuelle d\u2019application Phyt\u2019s \u00e0 l\u2019aide de l\u2019embout massant. Une fois le<br \/>\nS\u00e9rum D\u00e9froissant absorb\u00e9, compl\u00e9ter avec le Soin D\u00e9fatigant<br \/>\nPhyt\u2019Sublim Eyes.<\/p>\n","protected":false},"featured_media":194438,"comment_status":"closed","ping_status":"closed","template":"","meta":[],"product_brand":[],"product_cat":[30,26,28,27],"product_tag":[],"class_list":{"0":"post-194436","1":"product","2":"type-product","3":"status-publish","4":"has-post-thumbnail","6":"product_cat-bio","7":"product_cat-visage","8":"product_cat-hydratation","9":"product_cat-phyts","11":"first","12":"instock","13":"taxable","14":"shipping-taxable","15":"purchasable","16":"product-type-simple"},"_links":{"self":[{"href":"https:\/\/qosmeo.fr\/index.php\/wp-json\/wp\/v2\/product\/194436","targetHints":{"allow":["GET"]}}],"collection":[{"href":"https:\/\/qosmeo.fr\/index.php\/wp-json\/wp\/v2\/product"}],"about":[{"href":"https:\/\/qosmeo.fr\/index.php\/wp-json\/wp\/v2\/types\/product"}],"replies":[{"embeddable":true,"href":"https:\/\/qosmeo.fr\/index.php\/wp-json\/wp\/v2\/comments?post=194436"}],"wp:featuredmedia":[{"embeddable":true,"href":"https:\/\/qosmeo.fr\/index.php\/wp-json\/wp\/v2\/media\/194438"}],"wp:attachment":[{"href":"https:\/\/qosmeo.fr\/index.php\/wp-json\/wp\/v2\/media?parent=194436"}],"wp:term":[{"taxonomy":"product_brand","embeddable":true,"href":"https:\/\/qosmeo.fr\/index.php\/wp-json\/wp\/v2\/product_brand?post=194436"},{"taxonomy":"product_cat","embeddable":true,"href":"https:\/\/qosmeo.fr\/index.php\/wp-json\/wp\/v2\/product_cat?post=194436"},{"taxonomy":"product_tag","embeddable":true,"href":"https:\/\/qosmeo.fr\/index.php\/wp-json\/wp\/v2\/product_tag?post=194436"}],"curies":[{"name":"wp","href":"https:\/\/api.w.org\/{rel}","templated":true}]}}