{"id":194434,"date":"2020-04-04T00:54:55","date_gmt":"2020-04-03T22:54:55","guid":{"rendered":"https:\/\/qosmeo.fr\/?post_type=product&#038;p=194434"},"modified":"2021-04-03T09:04:36","modified_gmt":"2021-04-03T07:04:36","slug":"soin-defatigant-yeux-phyts-15gr","status":"publish","type":"product","link":"https:\/\/qosmeo.fr\/index.php\/produit\/soin-defatigant-yeux-phyts-15gr\/","title":{"rendered":"Soin D\u00e9fatigant Yeux Phyts 15gr"},"content":{"rendered":"<p><font face=\"Montserrat\">Agit sur les diff\u00e9rents signes de fatigue et de stress du contour de<br \/>\nl\u2019\u0153il gr\u00e2ce \u00e0 sa richesse en complexe Phyto-Actif Regard, sa<br \/>\nconcentration en Acide Hyaluronique et sa texture l\u00e9g\u00e8re et<br \/>\nonctueuse : les poches diminuent, les cernes s\u2019att\u00e9nuent, la peau est<br \/>\nhydrat\u00e9e, le contour des yeux est repos\u00e9 et prot\u00e9g\u00e9.<\/p>\n<p>\u2022 Acide hyaluronique :<strong> Propri\u00e9t\u00e9s hydratantes<\/strong><br \/>\n\u2022 Actif hydratant issu du Bl\u00e9 : <strong>Puissant hydratant<\/strong><br \/>\n\u2022 Huile v\u00e9g\u00e9tale d\u2019Avocat Bio : <strong>Nourrissante et r\u00e9g\u00e9n\u00e9rante<\/strong><br \/>\n\u2022 Aloe Vera Bio : <strong>Hydratant et apaisant<\/strong><br \/>\n\u2022 Complexe Phyto-Actif Regard : <strong>Alliance de 5 extraits v\u00e9g\u00e9taux Bio qui<br \/>\nagissent en synergie pour assurer une prise en charge globale du<br \/>\ncontour de l\u2019\u0153il<\/strong> : Bourgeon de Sorbier, Marron d\u2019Inde, Arnica<br \/>\nMontana, Centella Asiatica et Reine des Pr\u00e9s<\/p>\n<p><a href=\"https:\/\/www.cosmebio.org\/fr\/\" rel=\"noopener noreferrer\" target=\"_blank\">cosm\u00e9tiques labellis\u00e9s Cosm\u00e9bio<\/a><\/font><\/p>\n<p>\n","protected":false},"excerpt":{"rendered":"<p><font face=\"Montserrat\">Matin et soir sur une peau nettoy\u00e9e et apr\u00e8s avoir appliqu\u00e9 le S\u00e9rum<br \/>\nD\u00e9froissant Phyt\u2019Sublim Eyes, appliquer le Soin D\u00e9fatigant selon la<br \/>\ngestuelle d\u2019application Phyt\u2019s \u00e0 l\u2019aide de l\u2019embout massant. Bien<br \/>\nattendre que le S\u00e9rum D\u00e9froissant ait p\u00e9n\u00e9tr\u00e9.<\/font><\/p>\n<p>\n","protected":false},"featured_media":194435,"comment_status":"closed","ping_status":"closed","template":"","meta":[],"product_brand":[],"product_cat":[30,26,28,27],"product_tag":[],"class_list":{"0":"post-194434","1":"product","2":"type-product","3":"status-publish","4":"has-post-thumbnail","6":"product_cat-bio","7":"product_cat-visage","8":"product_cat-hydratation","9":"product_cat-phyts","11":"first","12":"instock","13":"taxable","14":"shipping-taxable","15":"purchasable","16":"product-type-simple"},"_links":{"self":[{"href":"https:\/\/qosmeo.fr\/index.php\/wp-json\/wp\/v2\/product\/194434","targetHints":{"allow":["GET"]}}],"collection":[{"href":"https:\/\/qosmeo.fr\/index.php\/wp-json\/wp\/v2\/product"}],"about":[{"href":"https:\/\/qosmeo.fr\/index.php\/wp-json\/wp\/v2\/types\/product"}],"replies":[{"embeddable":true,"href":"https:\/\/qosmeo.fr\/index.php\/wp-json\/wp\/v2\/comments?post=194434"}],"wp:featuredmedia":[{"embeddable":true,"href":"https:\/\/qosmeo.fr\/index.php\/wp-json\/wp\/v2\/media\/194435"}],"wp:attachment":[{"href":"https:\/\/qosmeo.fr\/index.php\/wp-json\/wp\/v2\/media?parent=194434"}],"wp:term":[{"taxonomy":"product_brand","embeddable":true,"href":"https:\/\/qosmeo.fr\/index.php\/wp-json\/wp\/v2\/product_brand?post=194434"},{"taxonomy":"product_cat","embeddable":true,"href":"https:\/\/qosmeo.fr\/index.php\/wp-json\/wp\/v2\/product_cat?post=194434"},{"taxonomy":"product_tag","embeddable":true,"href":"https:\/\/qosmeo.fr\/index.php\/wp-json\/wp\/v2\/product_tag?post=194434"}],"curies":[{"name":"wp","href":"https:\/\/api.w.org\/{rel}","templated":true}]}}