{"id":194427,"date":"2020-04-03T23:34:26","date_gmt":"2020-04-03T21:34:26","guid":{"rendered":"https:\/\/qosmeo.fr\/?post_type=product&#038;p=194427"},"modified":"2021-04-03T09:04:36","modified_gmt":"2021-04-03T07:04:36","slug":"masque-phyts-hydra-instant-40ml","status":"publish","type":"product","link":"https:\/\/qosmeo.fr\/index.php\/produit\/masque-phyts-hydra-instant-40ml\/","title":{"rendered":"Masque Hydra Instant Phyts  40ml"},"content":{"rendered":"<p><font face=\"Montserrat\">Gr\u00e2ce \u00e0 la texture onctueuse et a\u00e9rienne de ce masque, plonger votre peau dans un bain d\u2019hydratation instantan\u00e9 pour un effet frais imm\u00e9diat. En 15 minutes, elle est r\u00e9hydrat\u00e9e,repulp\u00e9e, liss\u00e9e et \u00e9clatante de beaut\u00e9. Les ridules de d\u00e9shydratation sont estomp\u00e9es, la peau retrouve souplesse, douceur et confort.<\/p>\n<p>\u2022 Acide Hyaluronique petit poids mol\u00e9culaire : <strong>hydratant<\/strong>.<br \/>\n<strong>Excellent pouvoir de p\u00e9n\u00e9tration dans l\u2019\u00e9piderme.<\/strong><br \/>\n\u2022 Acide Hyaluronique haut poids mol\u00e9culaire : <strong>hydratant.<br \/>\nForme un film d&#8217;hydratation \u00e0 la surface de la peau, et<br \/>\npr\u00e9vient la perte en eau.<\/strong><br \/>\n\u2022 Sucre issu du bois du bois : <strong>hydrate, limite la perte en<br \/>\neau.<\/strong><br \/>\n\u2022 B\u00e9ta\u00efne :<strong> participe \u00e0 la limitation des pertes en eau et<br \/>\naide au maintien d&#8217;une bonne hydratation.<\/strong><br \/>\n\u2022 Extrait d\u2019Aloe Vera* :<strong>puissant hydratant.<\/strong><br \/>\n\u2022 Huile v\u00e9g\u00e9tale de Tournesol* : <strong>nourrissante<\/strong>.<br \/>\n\u2022 Vitamine E :<strong>antioxydante<\/strong><\/font><\/p>\n<p>\n","protected":false},"excerpt":{"rendered":"<p><font face=\"Montserrat\">Tous types de peaux d\u00e9shydrat\u00e9es<br \/>\n1 \u00e0 2 fois par semaine, sur la peau pr\u00e9alablement nettoy\u00e9e, appliquer g\u00e9n\u00e9reusement le masque sur le visage, contour yeux-l\u00e8vres et cou. Laisser poser 5 min, rincer et s\u00e9cher.<\/font><\/p>\n<p>\n","protected":false},"featured_media":194433,"comment_status":"closed","ping_status":"closed","template":"","meta":[],"product_brand":[],"product_cat":[30,26,28,27],"product_tag":[],"class_list":{"0":"post-194427","1":"product","2":"type-product","3":"status-publish","4":"has-post-thumbnail","6":"product_cat-bio","7":"product_cat-visage","8":"product_cat-hydratation","9":"product_cat-phyts","11":"first","12":"instock","13":"taxable","14":"shipping-taxable","15":"purchasable","16":"product-type-simple"},"_links":{"self":[{"href":"https:\/\/qosmeo.fr\/index.php\/wp-json\/wp\/v2\/product\/194427","targetHints":{"allow":["GET"]}}],"collection":[{"href":"https:\/\/qosmeo.fr\/index.php\/wp-json\/wp\/v2\/product"}],"about":[{"href":"https:\/\/qosmeo.fr\/index.php\/wp-json\/wp\/v2\/types\/product"}],"replies":[{"embeddable":true,"href":"https:\/\/qosmeo.fr\/index.php\/wp-json\/wp\/v2\/comments?post=194427"}],"wp:featuredmedia":[{"embeddable":true,"href":"https:\/\/qosmeo.fr\/index.php\/wp-json\/wp\/v2\/media\/194433"}],"wp:attachment":[{"href":"https:\/\/qosmeo.fr\/index.php\/wp-json\/wp\/v2\/media?parent=194427"}],"wp:term":[{"taxonomy":"product_brand","embeddable":true,"href":"https:\/\/qosmeo.fr\/index.php\/wp-json\/wp\/v2\/product_brand?post=194427"},{"taxonomy":"product_cat","embeddable":true,"href":"https:\/\/qosmeo.fr\/index.php\/wp-json\/wp\/v2\/product_cat?post=194427"},{"taxonomy":"product_tag","embeddable":true,"href":"https:\/\/qosmeo.fr\/index.php\/wp-json\/wp\/v2\/product_tag?post=194427"}],"curies":[{"name":"wp","href":"https:\/\/api.w.org\/{rel}","templated":true}]}}