{"id":194396,"date":"2020-04-02T22:55:52","date_gmt":"2020-04-02T20:55:52","guid":{"rendered":"https:\/\/qosmeo.fr\/?post_type=product&#038;p=194396"},"modified":"2021-04-03T09:04:37","modified_gmt":"2021-04-03T07:04:37","slug":"phyts-creme-hydratante-24h-40g","status":"publish","type":"product","link":"https:\/\/qosmeo.fr\/index.php\/produit\/phyts-creme-hydratante-24h-40g\/","title":{"rendered":"Cr\u00e8me Hydratante Phyt&#8217;s 24h 40ml"},"content":{"rendered":"<p><font face=\"Montserrat\"><strong>Source d\u2019hydratation continue pendant 24h, la Cr\u00e8me Hydratante Phyt&#8217;s 24H d\u00e9livre \u00e0 la peau des agents hydratants qui favorisent la fixation de l\u2019eau et en limite sa perte. Sa texture onctueuse et fine redonne force et souplesse au film hydrolipidique. Parfaitement hydrat\u00e9es, les peaux s\u00e8ches retrouvent tout leur confort et leur douceur.<\/strong><\/p>\n<p>\u2022 Acide Hyaluronique petit poids mol\u00e9culaire : <strong>hydratant.<br \/>\nExcellent pouvoir de p\u00e9n\u00e9tration dans l\u2019\u00e9piderme.<\/strong><br \/>\n\u2022 Acide Hyaluronique haut poids mol\u00e9culaire : <strong>hydratant.<br \/>\nForme un film d&#8217;hydratation \u00e0 la surface de la peau, et<br \/>\npr\u00e9vient la perte en eau.<\/strong><br \/>\n\u2022 Sucre issu du bois : <strong>hydrate, limite la perte en eau.<\/strong><br \/>\n\u2022 Squalane d\u2019origine v\u00e9g\u00e9tale : <strong>aide \u00e0 limiter les pertes en<br \/>\neau.<\/strong><br \/>\n\u2022 Cire v\u00e9g\u00e9tale : limite les pertes d&#8217;eau trans \u00e9pidermiques.<br \/>\n\u2022 B\u00e9ta\u00efne : <strong>participe \u00e0 la limitation des pertes en eau et<br \/>\naide au maintien d&#8217;une bonne hydratation<\/strong>.<br \/>\n\u2022 Extrait d\u2019Aloe Vera* :<strong> puissant hydratant<\/strong>.<br \/>\n\u2022 Huiles v\u00e9g\u00e9tales de Tournesol* et Macadamia* :<br \/>\n<strong>nourrissantes<\/strong>.<br \/>\n\u2022 Vitamine E :<strong>antioxydante<\/strong><br \/>\n<a href=\"https:\/\/www.cosmebio.org\/fr\/\" rel=\"noopener noreferrer\" target=\"_blank\">cosm\u00e9tiques labellis\u00e9s Cosm\u00e9bio<\/a><\/font><\/p>\n<p>\n","protected":false},"excerpt":{"rendered":"<p><font face=\"Montserrat\">Pour les peaux normales \u00e0 s\u00e8ches. Sans fini gras.<\/p>\n<p>Application Matin et\/ou soir, sur la peau pr\u00e9alablement nettoy\u00e9e, appliquer une noisette de cr\u00e8me sur l\u2019ensemble du visage, contour yeux-l\u00e8vres, cou et d\u00e9collet\u00e9.<\/font><\/p>\n<p>\n","protected":false},"featured_media":194399,"comment_status":"closed","ping_status":"closed","template":"","meta":[],"product_brand":[],"product_cat":[30,26,28,27],"product_tag":[],"class_list":{"0":"post-194396","1":"product","2":"type-product","3":"status-publish","4":"has-post-thumbnail","6":"product_cat-bio","7":"product_cat-visage","8":"product_cat-hydratation","9":"product_cat-phyts","11":"first","12":"instock","13":"taxable","14":"shipping-taxable","15":"purchasable","16":"product-type-simple"},"_links":{"self":[{"href":"https:\/\/qosmeo.fr\/index.php\/wp-json\/wp\/v2\/product\/194396","targetHints":{"allow":["GET"]}}],"collection":[{"href":"https:\/\/qosmeo.fr\/index.php\/wp-json\/wp\/v2\/product"}],"about":[{"href":"https:\/\/qosmeo.fr\/index.php\/wp-json\/wp\/v2\/types\/product"}],"replies":[{"embeddable":true,"href":"https:\/\/qosmeo.fr\/index.php\/wp-json\/wp\/v2\/comments?post=194396"}],"wp:featuredmedia":[{"embeddable":true,"href":"https:\/\/qosmeo.fr\/index.php\/wp-json\/wp\/v2\/media\/194399"}],"wp:attachment":[{"href":"https:\/\/qosmeo.fr\/index.php\/wp-json\/wp\/v2\/media?parent=194396"}],"wp:term":[{"taxonomy":"product_brand","embeddable":true,"href":"https:\/\/qosmeo.fr\/index.php\/wp-json\/wp\/v2\/product_brand?post=194396"},{"taxonomy":"product_cat","embeddable":true,"href":"https:\/\/qosmeo.fr\/index.php\/wp-json\/wp\/v2\/product_cat?post=194396"},{"taxonomy":"product_tag","embeddable":true,"href":"https:\/\/qosmeo.fr\/index.php\/wp-json\/wp\/v2\/product_tag?post=194396"}],"curies":[{"name":"wp","href":"https:\/\/api.w.org\/{rel}","templated":true}]}}