{"id":194362,"date":"2020-04-01T13:15:43","date_gmt":"2020-04-01T11:15:43","guid":{"rendered":"https:\/\/qosmeo.fr\/?post_type=product&#038;p=194362"},"modified":"2021-04-03T09:04:37","modified_gmt":"2021-04-03T07:04:37","slug":"phyts-creme-absolue-fermete-anti-rides","status":"publish","type":"product","link":"https:\/\/qosmeo.fr\/index.php\/produit\/phyts-creme-absolue-fermete-anti-rides\/","title":{"rendered":"Cr\u00e8me Absolue Fermet\u00e9 Anti Rides Phyts  40gr"},"content":{"rendered":"<p><font face=\"Montserrat\">V\u00e9ritable cure de jouvence, cette cr\u00e8me onctueuse att\u00e9nue les rides, lisse les traits du visage, nourrit et raffermit la peau. Sa texture tout en confort lui permet d\u2019offrir ses nombreuses vertus anti-\u00e2ge \u00e0 toutes les peaux matures.<\/font><\/p>\n<p><p><font face=\"Montserrat\"><br \/>\n<strong>CR\u00c8ME ABSOLUE ANTI-RIDES FERMET\u00c9 <\/strong><br \/>\n<strong>HV Germe de Bl\u00e9 : <\/strong>Actif contre les effets du vieillissement cutan\u00e9 et la perte d&#8217;\u00e9lasticit\u00e9.<br \/>\n<strong>HV Noisette* : <\/strong>Riche en tocoph\u00e9rols, phytost\u00e9rols et acides gras essentiels, nourrit et lutte contre le vieillissement cutan\u00e9 gr\u00e2ce \u00e0 son action antioxydante.<br \/>\n<strong>HE Citron* : <\/strong>Anti-\u00e2ge.<br \/>\n<strong>HE Sauge* : <\/strong>Raffermit.<br \/>\n<strong>HE Cypr\u00e8s*\/Romarin*\/Thym* : <\/strong>Tonifient avec un fort pouvoir antioxydant.<br \/>\n<strong>HE Clou de girofle* : <\/strong>Tonifie et stimule.<br \/>\n<strong>HE Lavandin*\/Lavande: <\/strong>Apaisent.<br \/>\n<strong>HE Petit Grain* : <\/strong>\u00c9quilibre.<br \/>\n<strong>MH Calendula* : <\/strong>Adoucit.<\/font><\/p>\n<p><p><font face=\"Montserrat\"><br \/>\nR\u00e9f\u00e9rence :  3760126260531<br \/>\n<strong>Vitamine E : <\/strong>Antioxydante. Appliquer le matin et le soir sur l\u2019ensemble du visage et du cou parfaitement d\u00e9maquill\u00e9s et tonifi\u00e9s avec les Soins Nettoyants Phyt\u2019s. <strong><em>Tube 40g <\/em><\/strong>*ingr\u00e9dient d\u2019origine Biologique <strong>100% des ingr\u00e9dients sont d\u2019origine naturelle 37% sont issus de l\u2019Agriculture Biologique <\/strong>bio certifi\u00e9 EcocertSoins visage bio certifi\u00e9 <a href=\"https:\/\/www.cosmebio.org\/\" target=\"_blank\" rel=\"noopener noreferrer\">Cosm\u00e9bio<\/a><\/font><\/p>\n<p>\n","protected":false},"excerpt":{"rendered":"<p><font face=\"Montserrat\">Peaux matures<br \/>\nAppliquer le matin et le soir sur l\u2019ensemble du visage et du cou<br \/>\nparfaitement d\u00e9maquill\u00e9s et tonifi\u00e9s avec les Soins Nettoyants<br \/>\nPhyt\u2019s.<\/font><\/p>\n<p>\n","protected":false},"featured_media":194383,"comment_status":"closed","ping_status":"closed","template":"","meta":[],"product_brand":[],"product_cat":[31,30,26,27],"product_tag":[],"class_list":{"0":"post-194362","1":"product","2":"type-product","3":"status-publish","4":"has-post-thumbnail","6":"product_cat-anti-age","7":"product_cat-bio","8":"product_cat-visage","9":"product_cat-phyts","11":"first","12":"instock","13":"taxable","14":"shipping-taxable","15":"purchasable","16":"product-type-simple"},"_links":{"self":[{"href":"https:\/\/qosmeo.fr\/index.php\/wp-json\/wp\/v2\/product\/194362","targetHints":{"allow":["GET"]}}],"collection":[{"href":"https:\/\/qosmeo.fr\/index.php\/wp-json\/wp\/v2\/product"}],"about":[{"href":"https:\/\/qosmeo.fr\/index.php\/wp-json\/wp\/v2\/types\/product"}],"replies":[{"embeddable":true,"href":"https:\/\/qosmeo.fr\/index.php\/wp-json\/wp\/v2\/comments?post=194362"}],"wp:featuredmedia":[{"embeddable":true,"href":"https:\/\/qosmeo.fr\/index.php\/wp-json\/wp\/v2\/media\/194383"}],"wp:attachment":[{"href":"https:\/\/qosmeo.fr\/index.php\/wp-json\/wp\/v2\/media?parent=194362"}],"wp:term":[{"taxonomy":"product_brand","embeddable":true,"href":"https:\/\/qosmeo.fr\/index.php\/wp-json\/wp\/v2\/product_brand?post=194362"},{"taxonomy":"product_cat","embeddable":true,"href":"https:\/\/qosmeo.fr\/index.php\/wp-json\/wp\/v2\/product_cat?post=194362"},{"taxonomy":"product_tag","embeddable":true,"href":"https:\/\/qosmeo.fr\/index.php\/wp-json\/wp\/v2\/product_tag?post=194362"}],"curies":[{"name":"wp","href":"https:\/\/api.w.org\/{rel}","templated":true}]}}