{"id":4476,"date":"2018-02-04T11:03:22","date_gmt":"2018-02-04T10:03:22","guid":{"rendered":"http:\/\/qosmeo.fr\/?page_id=4476"},"modified":"2018-11-28T07:59:31","modified_gmt":"2018-11-28T06:59:31","slug":"institut","status":"publish","type":"page","link":"https:\/\/qosmeo.fr\/index.php\/institut\/","title":{"rendered":"L&#8217;institut"},"content":{"rendered":"<div style=\"text-align: center\">[rl_gallery id=&#8221;7601&#8243;]<\/div>\n<div><\/div>\n<div>\n<h1><span style=\"font-family: helvetica, arial, sans-serif\">Qosm\u00e9o vous propose la Gamme de soins Phyt\u2019s<\/span><br \/>\n<span style=\"font-family: helvetica, arial, sans-serif\">marque bio respectueuse de la plan\u00e8te et de l&#8217;humain<\/span><\/h1>\n<h2><span style=\"font-family: helvetica, arial, sans-serif\">Des produits de beaut\u00e9 certifi\u00e9s bio<\/span><\/h2>\n<div class=\"texte\">\n<p>Avec ses\u00a0<strong>produits de beaut\u00e9 certifi\u00e9s bio<\/strong>\u00a0et ses soins profesionnels, PHYT&#8217;S veille \u00e0 ce que le d\u00e9veloppement de ses cosm\u00e9tiques bio pr\u00e9serve l\u2019Homme et l\u2019environnement :<\/p>\n<p>&nbsp;<\/p>\n<p>Formulation et approvisionnement<\/p>\n<ul>\n<li>R\u00e9f\u00e9rencement d\u2019essences aromatiques 100% pures et naturelles, issues de l\u2019agriculture biologique,<\/li>\n<li>Mise en oeuvre des relations marchandes respectueuses des producteurs<\/li>\n<\/ul>\n<div id=\"line_grey\"><\/div>\n<p>Production<\/p>\n<ul>\n<li>Gestion des rejets d\u2019effluents, les eaux us\u00e9es sont dirig\u00e9es vers une station de pr\u00e9-traitement.<\/li>\n<li>Nettoyage des machines avec des d\u00e9tergents neutres r\u00e9f\u00e9renc\u00e9s par les labels de la cosm\u00e9tique biologique.<\/li>\n<li>Economie d\u2019\u00e9nergie : construction d\u2019un puit canadien pour capter naturellement la chaleur du sol en hiver et la fra\u00eecheur en \u00e9t<\/li>\n<li>Utilisation d\u2019emballages biod\u00e9gradables et recyclables.<\/li>\n<\/ul>\n<\/div>\n<\/div>\n","protected":false},"excerpt":{"rendered":"<p>[rl_gallery id=&#8221;7601&#8243;] Qosm\u00e9o vous propose la Gamme de soins Phyt\u2019s marque bio respectueuse de la plan\u00e8te et de l&#8217;humain Des produits de beaut\u00e9 certifi\u00e9s bio Avec ses\u00a0produits de beaut\u00e9 certifi\u00e9s bio\u00a0et ses soins profesionnels, PHYT&#8217;S veille \u00e0 ce que le d\u00e9veloppement de ses cosm\u00e9tiques bio pr\u00e9serve l\u2019Homme et l\u2019environnement : &nbsp; Formulation et approvisionnement R\u00e9f\u00e9rencement [&hellip;]<\/p>\n","protected":false},"author":1,"featured_media":0,"parent":0,"menu_order":4,"comment_status":"closed","ping_status":"closed","template":"","meta":{"footnotes":""},"class_list":["post-4476","page","type-page","status-publish","hentry"],"_links":{"self":[{"href":"https:\/\/qosmeo.fr\/index.php\/wp-json\/wp\/v2\/pages\/4476","targetHints":{"allow":["GET"]}}],"collection":[{"href":"https:\/\/qosmeo.fr\/index.php\/wp-json\/wp\/v2\/pages"}],"about":[{"href":"https:\/\/qosmeo.fr\/index.php\/wp-json\/wp\/v2\/types\/page"}],"author":[{"embeddable":true,"href":"https:\/\/qosmeo.fr\/index.php\/wp-json\/wp\/v2\/users\/1"}],"replies":[{"embeddable":true,"href":"https:\/\/qosmeo.fr\/index.php\/wp-json\/wp\/v2\/comments?post=4476"}],"version-history":[{"count":9,"href":"https:\/\/qosmeo.fr\/index.php\/wp-json\/wp\/v2\/pages\/4476\/revisions"}],"predecessor-version":[{"id":35486,"href":"https:\/\/qosmeo.fr\/index.php\/wp-json\/wp\/v2\/pages\/4476\/revisions\/35486"}],"wp:attachment":[{"href":"https:\/\/qosmeo.fr\/index.php\/wp-json\/wp\/v2\/media?parent=4476"}],"curies":[{"name":"wp","href":"https:\/\/api.w.org\/{rel}","templated":true}]}}