{"id":42205,"date":"2018-12-19T00:02:24","date_gmt":"2018-12-18T23:02:24","guid":{"rendered":"https:\/\/qosmeo.fr\/?page_id=42205"},"modified":"2018-12-19T00:07:28","modified_gmt":"2018-12-18T23:07:28","slug":"mentions-legales","status":"publish","type":"page","link":"https:\/\/qosmeo.fr\/index.php\/mentions-legales\/","title":{"rendered":"Mentions Legales"},"content":{"rendered":"\t\t<div data-elementor-type=\"wp-post\" data-elementor-id=\"42205\" class=\"elementor elementor-42205 elementor-bc-flex-widget\">\n\t\t\t\t\t\t<section class=\"elementor-section elementor-top-section elementor-element elementor-element-2d19faa elementor-section-boxed elementor-section-height-default elementor-section-height-default\" data-id=\"2d19faa\" data-element_type=\"section\" data-e-type=\"section\">\n\t\t\t\t\t\t<div class=\"elementor-container elementor-column-gap-default\">\n\t\t\t\t\t<div class=\"elementor-column elementor-col-100 elementor-top-column elementor-element elementor-element-984724e\" data-id=\"984724e\" data-element_type=\"column\" data-e-type=\"column\">\n\t\t\t<div class=\"elementor-widget-wrap elementor-element-populated\">\n\t\t\t\t\t\t<div class=\"elementor-element elementor-element-0f12837 elementor-widget elementor-widget-text-editor\" data-id=\"0f12837\" data-element_type=\"widget\" data-e-type=\"widget\" data-widget_type=\"text-editor.default\">\n\t\t\t\t<div class=\"elementor-widget-container\">\n\t\t\t\t\t\t\t\t\t<h1>MENTIONS LEGALES<\/h1><h2>EDITEUR DU SITE<\/h2><p>Identification de la Soci\u00e9t\u00e9 : SARL QOSMEO<br \/>Si\u00e8ge social : 3335, rue de la Lys 62840 Sailly sur la Lys<\/p><table class=\"table infoGen hidden-smallDevice\"><tbody><tr class=\"siren bg highlight\"><td class=\"tdhead\">SIREN<\/td><td>838 251 494<\/td><\/tr><\/tbody><\/table><p>T\u00e9l. :0321623881<br \/>Contact :\u00a0<a href=\"mailto:contact@faguo-shoes.com\">bonjour@qosmeo.fr<\/a><\/p><p>\u00a0Responsable Conception,d\u00e9veloppement et publication : C\u00e9line Cauderlier<\/p><h2>H\u00c9BERGEMENT<\/h2><div class=\"marginTop20\">OVH SAS au capital de 10 069 020 \u20ac<br \/>RCS Lille M\u00e9tropole 424 761 419 00045<br \/>Code APE 2620Z<br \/>N\u00b0 TVA : FR 22 424 761 419<br \/>Si\u00e8ge social : 2 rue Kellermann &#8211; 59100 Roubaix &#8211; France<\/div><h2>INFORMATIONS NOMINATIVES<\/h2><p>Conform\u00e9ment \u00e0 la loi Informatique et Libert\u00e9s du 6 janvier 1978, et au R\u00e8glement G\u00e9n\u00e9ral sur la Protection des Donn\u00e9es (R\u00e8glement UE 2016\/679 du 27 avril 2016), QOSMEO traite des donn\u00e9es \u00e0 caract\u00e8re personnel de ses clients et prospects, dans le cadre de ses activit\u00e9s de vente de prestations, produits cosm\u00e9tiques,bijoux, accessoires, carte cadeaux, et de gestion de la base clients et prospects \u00e0 travers des actions de segmentation, prospection, fid\u00e9lisation et communication par email ou SMS.<br \/>Le Client ou Prospect dispose d\u2019un droit d\u2019acc\u00e8s et de rectification des donn\u00e9es le concernant, et peut \u00e9galement faire valoir son droit \u00e0 l\u2019effacement ou droit \u00e0 l\u2019oubli, ainsi que son droit d\u2019opposition ou \u00e0 la portabilit\u00e9. Pour toute demande, il lui suffit d\u2019\u00e9crire \u00e0 QOSMEO 3335 rue de la Lys 62840 Sailly sir la Lys \u2013\u00a0bonjour@qosm\u00e9o.fr<\/p><p>Enfin, tout Client ou Prospect a le droit d\u2019introduire une r\u00e9clamation devant l\u2019autorit\u00e9 de contr\u00f4le comp\u00e9tente (en France, il s\u2019agit de la CNIL) concernant le traitement de ses donn\u00e9es personnelles.<\/p><h2>CR\u00c9DIT PHOTOS<\/h2><p>L\u2019acc\u00e8s au site ainsi que l\u2019utilisation de son contenu sont soumis aux conditions d\u2019utilisation d\u00e9crites ci-apr\u00e8s. Le fait d\u2019acc\u00e9der et de naviguer sur le Site constitue de la part du visiteur une acceptation sans r\u00e9serve de ces stipulations.<\/p><h2>PROPRI\u00c9T\u00c9 INTELLECTUELLE<\/h2><p>Le Site est la propri\u00e9t\u00e9 exclusive de la Soci\u00e9t\u00e9 QOSMEO, seule habilit\u00e9e \u00e0 utiliser et exploiter les droits de propri\u00e9t\u00e9 intellectuelle et droits de la personnalit\u00e9 attach\u00e9e \u00e0 ce Site, notamment, les marques, dessins et mod\u00e8les, droits d\u2019auteur et droits \u00e0 l\u2019image, \u00e0 titre originaire ou par l\u2019effet d\u2019une cession ou d\u2019une licence d\u2019exploitation.<br \/>L\u2019usage de tout ou partie du Site, notamment par t\u00e9l\u00e9chargement, reproduction, transmission ou repr\u00e9sentation \u00e0 d\u2019autres fonctions que pour un usage personnel et priv\u00e9 dans un but non commercial est strictement interdit.<\/p><h2>LIENS HYPERTEXTES VERS D\u2019AUTRES SITES<\/h2><p>La cr\u00e9ation de liens hypertexte vers le Site ne peut se faire qu\u2019avec l\u2019autorisation \u00e9crite et pr\u00e9alable de la Soci\u00e9t\u00e9 QOSMEO qui pourra \u00eatre r\u00e9voqu\u00e9e \u00e0 tout moment.<br \/>La Soci\u00e9t\u00e9 QOSMEO d\u00e9cline toute responsabilit\u00e9 concernant le contenu des sites li\u00e9s au Site.<\/p><h2>RESPONSABILIT\u00c9 DE QOSMEO<\/h2><p>Dans les conditions autoris\u00e9es par la loi, la Soci\u00e9t\u00e9 QOSMEO n\u2019encourt aucune responsabilit\u00e9 :<br \/>\u2013 pour toute impr\u00e9cision, inexactitude, omission, ou pour tous dommages r\u00e9sultant d\u2019une intrusion d\u2019un tiers ayant entra\u00een\u00e9 une modification des informations mises \u00e0 disposition sur le Site,<br \/>\u2013 en cas de dommages provoqu\u00e9s \u00e0 raison de l\u2019acc\u00e8s d\u2019un tiers non-autoris\u00e9 sur le Site ou rendant impossible son acc\u00e8s.<br \/>Le visiteur est inform\u00e9 que l\u2019acc\u00e8s au Site pourra \u00eatre interrompu \u00e0 tout moment par la Soci\u00e9t\u00e9 QOSMEO en raison de maintenance, de s\u00e9curit\u00e9 ou toute autre contrainte technique.<\/p><p>QOSMEO s\u2019engage \u00e0 faire ses meilleurs efforts pour assurer aux utilisateurs une accessibilit\u00e9 du site \u00e0 tout moment. Le site internet est disponible 7\/7 jrs et 24\/24 heures \u00e0 l\u2019exception des cas de force majeure comme des difficult\u00e9s techniques, de maintenance ou de t\u00e9l\u00e9communication.<\/p><h2>DROIT APPLICABLE<\/h2><p>Les pr\u00e9sentes mentions sont r\u00e9gies par le droit fran\u00e7ais. Les juridictions fran\u00e7aises sont seules comp\u00e9tentes pour conna\u00eetre tout litige se rapportant directement ou indirectement \u00e0 l\u2019acc\u00e8s au pr\u00e9sent Site ou \u00e0 son utilisation.<\/p><h2>SERVICE D\u2019INFORMATION<\/h2><p>Si vous \u00eates abonn\u00e9s \u00e0 des services d\u2019information par courrier \u00e9lectronique (\u00ab\u00a0newsletter\u00a0\u00bb), vous pouvez demander \u00e0 ne plus recevoir ces courriers soit comme indiqu\u00e9 ci-dessus, soit en suivant les instructions figurant en fin de chacun de ces courriers, lorsque vous les recevez.<\/p><h2>COOKIES<\/h2><p>Vous \u00eates inform\u00e9 que lors de vos visites sur le site, un cookie peut s\u2019installer automatiquement sur votre logiciel de navigation. Le cookie est un bloc de donn\u00e9es qui ne permet pas d\u2019identifier l\u2019utilisateur mais sert \u00e0 enregistrer des informations relatives \u00e0 la navigation de celui-ci sur le site. Nous vous informons que vous pouvez vous opposer \u00e0 l\u2019enregistrement de ces \u00ab\u00a0cookies\u00a0\u00bb en configurant votre ordinateur selon les modalit\u00e9s d\u00e9taill\u00e9es sur le site\u00a0<a href=\"http:\/\/www.cnil.fr\/\">http:\/\/www.cnil.fr<\/a>.<\/p>\t\t\t\t\t\t\t\t<\/div>\n\t\t\t\t<\/div>\n\t\t\t\t\t<\/div>\n\t\t<\/div>\n\t\t\t\t\t<\/div>\n\t\t<\/section>\n\t\t\t\t<\/div>\n\t\t","protected":false},"excerpt":{"rendered":"<p>MENTIONS LEGALES EDITEUR DU SITE Identification de la Soci\u00e9t\u00e9 : SARL QOSMEOSi\u00e8ge social : 3335, rue de la Lys 62840 Sailly sur la Lys SIREN 838 251 494 T\u00e9l. :0321623881Contact :\u00a0bonjour@qosmeo.fr \u00a0Responsable Conception,d\u00e9veloppement et publication : C\u00e9line Cauderlier H\u00c9BERGEMENT OVH SAS au capital de 10 069 020 \u20acRCS Lille M\u00e9tropole 424 761 419 00045Code APE [&hellip;]<\/p>\n","protected":false},"author":1,"featured_media":0,"parent":0,"menu_order":0,"comment_status":"closed","ping_status":"closed","template":"","meta":{"footnotes":""},"class_list":["post-42205","page","type-page","status-publish","hentry"],"_links":{"self":[{"href":"https:\/\/qosmeo.fr\/index.php\/wp-json\/wp\/v2\/pages\/42205","targetHints":{"allow":["GET"]}}],"collection":[{"href":"https:\/\/qosmeo.fr\/index.php\/wp-json\/wp\/v2\/pages"}],"about":[{"href":"https:\/\/qosmeo.fr\/index.php\/wp-json\/wp\/v2\/types\/page"}],"author":[{"embeddable":true,"href":"https:\/\/qosmeo.fr\/index.php\/wp-json\/wp\/v2\/users\/1"}],"replies":[{"embeddable":true,"href":"https:\/\/qosmeo.fr\/index.php\/wp-json\/wp\/v2\/comments?post=42205"}],"version-history":[{"count":2,"href":"https:\/\/qosmeo.fr\/index.php\/wp-json\/wp\/v2\/pages\/42205\/revisions"}],"predecessor-version":[{"id":42237,"href":"https:\/\/qosmeo.fr\/index.php\/wp-json\/wp\/v2\/pages\/42205\/revisions\/42237"}],"wp:attachment":[{"href":"https:\/\/qosmeo.fr\/index.php\/wp-json\/wp\/v2\/media?parent=42205"}],"curies":[{"name":"wp","href":"https:\/\/api.w.org\/{rel}","templated":true}]}}