{"id":41842,"date":"2018-12-18T18:18:28","date_gmt":"2018-12-18T17:18:28","guid":{"rendered":"https:\/\/qosmeo.fr\/?page_id=41842"},"modified":"2018-12-18T18:33:53","modified_gmt":"2018-12-18T17:33:53","slug":"cgv","status":"publish","type":"page","link":"https:\/\/qosmeo.fr\/index.php\/cgv\/","title":{"rendered":"CGV"},"content":{"rendered":"\t\t<div data-elementor-type=\"wp-post\" data-elementor-id=\"41842\" class=\"elementor elementor-41842 elementor-bc-flex-widget\">\n\t\t\t\t\t\t<section class=\"elementor-section elementor-top-section elementor-element elementor-element-9009139 elementor-section-boxed elementor-section-height-default elementor-section-height-default\" data-id=\"9009139\" data-element_type=\"section\" data-e-type=\"section\">\n\t\t\t\t\t\t<div class=\"elementor-container elementor-column-gap-default\">\n\t\t\t\t\t<div class=\"elementor-column elementor-col-100 elementor-top-column elementor-element elementor-element-4de2b2c\" data-id=\"4de2b2c\" data-element_type=\"column\" data-e-type=\"column\">\n\t\t\t<div class=\"elementor-widget-wrap elementor-element-populated\">\n\t\t\t\t\t\t<div class=\"elementor-element elementor-element-26ccd7e elementor-widget elementor-widget-image\" data-id=\"26ccd7e\" data-element_type=\"widget\" data-e-type=\"widget\" data-widget_type=\"image.default\">\n\t\t\t\t<div class=\"elementor-widget-container\">\n\t\t\t\t\t\t\t\t\t\t\t\t\t\t\t<img decoding=\"async\" width=\"273\" height=\"124\" src=\"https:\/\/qosmeo.fr\/wp-content\/uploads\/2018\/12\/qosm\u00e9o-logo-.jpg\" class=\"attachment-large size-large wp-image-41900\" alt=\"\" \/>\t\t\t\t\t\t\t\t\t\t\t\t\t\t\t<\/div>\n\t\t\t\t<\/div>\n\t\t\t\t\t<\/div>\n\t\t<\/div>\n\t\t\t\t\t<\/div>\n\t\t<\/section>\n\t\t\t\t<section class=\"elementor-section elementor-top-section elementor-element elementor-element-713d846 elementor-section-boxed elementor-section-height-default elementor-section-height-default\" data-id=\"713d846\" data-element_type=\"section\" data-e-type=\"section\">\n\t\t\t\t\t\t<div class=\"elementor-container elementor-column-gap-default\">\n\t\t\t\t\t<div class=\"elementor-column elementor-col-100 elementor-top-column elementor-element elementor-element-29f4c1f\" data-id=\"29f4c1f\" data-element_type=\"column\" data-e-type=\"column\">\n\t\t\t<div class=\"elementor-widget-wrap elementor-element-populated\">\n\t\t\t\t\t\t<div class=\"elementor-element elementor-element-169eaf9 elementor-widget elementor-widget-text-editor\" data-id=\"169eaf9\" data-element_type=\"widget\" data-e-type=\"widget\" data-widget_type=\"text-editor.default\">\n\t\t\t\t<div class=\"elementor-widget-container\">\n\t\t\t\t\t\t\t\t\t<h1>CONDITIONS G\u00c9N\u00c9RALES DE VENTE<\/h1><h1>1. OBJET<\/h1><p>Les pr\u00e9sentes conditions g\u00e9n\u00e9rales de vente visent \u00e0 d\u00e9finir les droits et obligations de QOSMEO et du Client de produits pr\u00e9sent\u00e9s par QOSMEO sur son site www.qosmeo.fr (ci-apr\u00e8s \u00ab le Site \u00bb). Elles s&#8217;appliquent de fa\u00e7on exclusive entre la soci\u00e9t\u00e9 QOSMEO, 3335, rue de la Lys 62840 Sailly sur la Lys, Siren :838 251 494 (ci-apr\u00e8s \u00ab QOSMEO \u00bb) et tout consommateur personne physique visitant ou effectuant un achat via ledit Site (ci-apr\u00e8s \u00ab le Client \u00bb).<\/p><p>Sur le Site, QOSMEO permet au Client de commander en ligne des produits \u00a0(ci-apr\u00e8s \u00ab le (ou les) Produit(s) \u00bb) selon les pr\u00e9sentes conditions g\u00e9n\u00e9rales.<\/p><p>Toute commande effectu\u00e9e aupr\u00e8s de QOSMEO entra\u00eene donc l&#8217;acceptation sans r\u00e9serve par le Client des pr\u00e9sentes conditions. Les pr\u00e9sentes conditions g\u00e9n\u00e9rales peuvent \u00eatre modifi\u00e9es \u00e0 tout moment et sans pr\u00e9avis par QOSMEO , les conditions applicables \u00e9tant celles en vigueur \u00e0 la date de la commande par le Client.<\/p><p>Les pr\u00e9sentes conditions g\u00e9n\u00e9rales de vente sont accessibles de fa\u00e7on permanente \u00e0 l&#8217;adresse suivante :<\/p><p>https:\/\/www.qosmeo.fr\/cgv dans un format informatique permettant leur impression et\/ou leur t\u00e9l\u00e9chargement, de mani\u00e8re \u00e0 ce que ce que le Client puisse proc\u00e9der \u00e0 leur reproduction ou \u00e0 leur sauvegarde.<\/p><h2>2. PRODUITS ET CONFORMIT\u00c9<\/h2><p>2.1. Les Produits mis en vente sont pr\u00e9sent\u00e9s sur le site de QOSMEO et assortis d&#8217;un descriptif.<\/p><p>2.2. Les Produits propos\u00e9s par QOSMEO sont conformes aux normes applicables en France.<\/p><p>Les \u00e9l\u00e9ments tels que notamment photographies, textes, graphismes ainsi que toutes les informations et caract\u00e9ristiques illustrant et\/ou accompagnant les Produits ne sont pas contractuels, ce que le Client reconna\u00eet.<\/p><p>En cons\u00e9quence, QOSMEO ne saurait encourir la moindre responsabilit\u00e9 en cas d&#8217;erreur ou d&#8217;omission de l&#8217;un quelconque de ces \u00e9l\u00e9ments ou en cas de modification desdits \u00e9l\u00e9ments par les fournisseurs et\/ou \u00e9diteurs.<\/p><h2>3. OBLIGATIONS DU CLIENT<\/h2><p>3.1. Le Client d\u00e9clare \u00eatre \u00e2g\u00e9 d&#8217;au moins 18 ans et avoir la capacit\u00e9 juridique ou \u00eatre titulaire d&#8217;une autorisation parentale lui permettant d&#8217;effectuer une commande sur le Site.<\/p><p>3.2. Le Client s\u2019engage \u00e0 communiquer \u00e0 QOSMEO les \u00e9l\u00e9ments d\u2019informations r\u00e9els et n\u00e9cessaires \u00e0 la r\u00e9alisation de la prestation objet des pr\u00e9sentes conditions tel que cela lui est demand\u00e9 en ligne et suivant sa situation, notamment ses nom, pr\u00e9nom, adresse, t\u00e9l\u00e9phone et e-mail valide.<\/p><p>Le Client est responsable des cons\u00e9quences d\u00e9coulant d\u2019informations transmises fausses ou inexactes ou dont la reprise serait illicite.<\/p><p>3.3. Une fois la commande pass\u00e9e,QOSMEO adresse au Client un e-mail lui confirmant celle-ci. Il l\u2019informe de l\u2019envoi des Produits.<\/p><p>3.4. Le Client peut modifier ses donn\u00e9es \u00e0 la rubrique \u00ab mon compte \u00bb.<\/p><h2>4. COMMANDE<\/h2><p>4.1. Toute commande ne sera valid\u00e9e qu&#8217;apr\u00e8s acceptation du paiement.<\/p><p>4.2. QOSMEO se r\u00e9serve le droit d\u2019annuler ou de refuser une commande en cas de litige avec le Client sur une commande ant\u00e9rieure.<\/p><p>4.3. QOSMEO peut accepter les commandes dans la limite des stocks disponibles. Il informe le Client de la disponibilit\u00e9 des Produits vendus sur le Site au moment de la confirmation de la commande.<\/p><p>Si, en d\u00e9pit de la vigilance de QOSMEO , les produits sont indisponibles, QOSMEO\u00a0 en informera le Client par e-mail dans les meilleurs d\u00e9lais. Le Client pourra alors annuler sa commande et se faire rembourser, le cas \u00e9ch\u00e9ant, les sommes d\u00e9j\u00e0 vers\u00e9es.<\/p><p>L&#8217;indisponibilit\u00e9 d\u00e9finitive ou temporaire ne saurait en aucun cas engager la responsabilit\u00e9 de QOSMEO, pas plus qu&#8217;elle ne saurait ouvrir un quelconque droit \u00e0 indemnisation ou dommages et int\u00e9r\u00eats en faveur du Client.<\/p><h2>5. PRIX<\/h2><p>5.1. Les prix affich\u00e9s sur le Site sont indiqu\u00e9s en euros toutes taxes fran\u00e7aises comprises (TVA fran\u00e7aise et autres taxes \u00e9ventuellement applicables), hors frais de port, participation aux frais de traitement de commande et frais d&#8217;emballage.<\/p><p>Les frais de port, participation aux frais de traitement de commande et frais d\u2019emballage seront indiqu\u00e9s dans le panier du Client, avant la validation d\u00e9finitive de la commande.<\/p><p>Les prix peuvent \u00eatres modifi\u00e9s \u00e0 tout moment, sans pr\u00e9avis et notamment en cas de changement de donn\u00e9es fiscales ou \u00e9conomiques. Les articles seront factur\u00e9s sur la base des tarifs en vigueur au moment de l&#8217;enregistrement de la commande.<\/p><h2>6. LIVRAISON<\/h2><p>6.1. QOSMEO livre ses Produits en France.<\/p><p>Les produits sont exp\u00e9di\u00e9s avec le bon de livraison, \u00e0 l\u2019adresse de livraison indiqu\u00e9e par le Client lors de sa commande. La livraison ne peut \u00eatre effectu\u00e9e ni dans des h\u00f4tels, ni \u00e0 des bo\u00eetes postales. Les d\u00e9lais de livraison indiqu\u00e9s sur le site sont des d\u00e9lais indicatifs, correspondant aux d\u00e9lais moyens de traitement et de livraison. Afin que ces d\u00e9lais soient respect\u00e9es, le Client doit s\u2019assurer d\u2019avoir communiqu\u00e9 des informations exactes et compl\u00e8tes concernant l\u2019adresse de livraison (tels que, notamment : n\u00b0 de rue, de b\u00e2timent, d\u2019escalier, codes d\u2019acc\u00e8s, noms et\/ou num\u00e9ros d\u2019interphone, etc.).<\/p><p>En cas de retard de livraison de plus de 7 jours ouvr\u00e9s, si le produit n&#8217;a pas \u00e9t\u00e9 exp\u00e9di\u00e9, le Client peut d\u00e9noncer la commande par lettre recommand\u00e9e avec avis de r\u00e9ception et demander le remboursement de sa commande.<br \/>Si l&#8217;article a \u00e9t\u00e9 exp\u00e9di\u00e9 avant r\u00e9ception de l&#8217;annulation de la commande pour retard de livraison de plus de 7 jours, QOSMEO proc\u00e9dera au remboursement de l&#8217;article et des frais d&#8217;exp\u00e9dition et de retour, \u00e0 r\u00e9ception de celui-ci, complet, dans son \u00e9tat d&#8217;origine et avec toutes les \u00e9tiquettes.<\/p><p>QOSMEO s&#8217;engage \u00e0 informer le Client de l&#8217;\u00e9volution du traitement de sa commande.<\/p><p>En cas de colis endommag\u00e9s (d\u00e9j\u00e0 ouvert, produits manquants\u2026), le Client s\u2019engage \u00e0 notifier au transporteur et \u00e0 QOSMEO , par tous moyens, toutes r\u00e9serves dans les 3 jours suivant la r\u00e9ception du produit.<\/p><p>QOSMEO ne pourra \u00eatre tenu responsable des cons\u00e9quences dues \u00e0 un retard d\u2019acheminement n\u2019\u00e9tant pas de son fait.<\/p><h2>7. PAIEMENT<\/h2><div>\u00a0<\/div><p>L&#8217;int\u00e9gralit\u00e9 du paiement doit \u00eatre r\u00e9alis\u00e9e lors de la commande. A aucun moment les sommes vers\u00e9es ne pourront \u00eatre consid\u00e9r\u00e9es comme des arrhes ou des acomptes. Le Client r\u00e8gle sa commande par carte bancaire (Visa, Eurocard\/Mastercard), avec son compte Paypal, par ch\u00e8que pour par virement bancaire conform\u00e9ment aux dispositions du pr\u00e9sent article.<\/p><p>QOSMEO n&#8217;accepte pas le\u00a0paiement par ch\u00e8que si le montant de la commande exc\u00e8de 300\u20ac. Le client devra se diriger vers les autres moyens de paiement propos\u00e9s.<\/p><p>Pour toute transaction, le Client indiquera le num\u00e9ro figurant au recto de sa carte, la date d&#8217;expiration de sa carte et le cryptogramme figurant au verso de sa carte (trois derniers chiffres).<\/p><p>La communication par le Client de son num\u00e9ro de carte bancaire vaut autorisation pour QOSMEO de d\u00e9biter son compte \u00e0 due concurrence du montant de sa commande.<\/p><p>Aucun envoi en contre-remboursement ne sera accept\u00e9, quel qu&#8217;en soit le motif.<\/p><p>QOSMEO conserve la propri\u00e9t\u00e9 de l&#8217;article jusqu&#8217;au paiement int\u00e9gral du prix par le Client. Les achats sont r\u00e9alis\u00e9s de mani\u00e8re s\u00e9curis\u00e9e. Les solutions de paiement adopt\u00e9es par QOSMEO sont 100% s\u00e9curis\u00e9es. Pour les paiements par carte bancaire (carte bleue, carte bleue visa et e-carte bleue), toutes les informations que les Clients communiquent \u00e0 QOSMEO sont strictement prot\u00e9g\u00e9es et garantissent la conformit\u00e9 et la s\u00e9curisation de chaque transaction.<\/p><h2>8. RETOURS ET REMBOURSEMENT DE PRODUIT(S)<\/h2><p>DROIT DE R\u00c9TRACTATION<\/p><p>Dans un d\u00e9lai de quinze (15) jours \u00e0 compter de la r\u00e9ception de sa commande, le Client pourra demander \u00e0 QOSMEO le retour du (ou des) Produit(s). Seuls les emballages cadeau ne pourront pas faire l&#8217;objet d&#8217;un retour ni d&#8217;un remboursement.<\/p><p>Les retours sont factur\u00e9s 5\u20ac (cinq euros) et la demande est \u00e0 effectuer via le formulaire de contact ou\u00a0contacter le service client \u00e0 l&#8217;adresse bonjour@qosmeo.fr.<\/p><p>Le retour se fait aux risques du Client. Le Produit doit \u00eatre retourn\u00e9 dans son emballage d\u2019origine, dans son \u00e9tat d\u2019origine, neuf, non port\u00e9, non lav\u00e9, accompagn\u00e9 si possible du bon de livraison re\u00e7u dans la commande.<\/p><p>Veuillez adresser votre retour \u00e0 l\u2019adresse suivante :<\/p><p>QOSMEO<\/p><p>3335 Rue de la Lys , 62840 Sailly sur la Lys<\/p><p>A d\u00e9faut de respect par le Client des pr\u00e9sentes conditions, notamment des conditions de retour, QOSMEO ne pourra proc\u00e9der au remboursement ou \u00e0 l&#8217;\u00e9dition d&#8217;un avoir pour les Produits concern\u00e9s.<\/p><h2>9. GARANTIES ET RESPONSABILIT\u00c9<\/h2><p>QOSMEO n\u2019a, pour toutes les \u00e9tapes d\u2019acc\u00e8s au site, du processus de commande \u00e0 l\u2019exp\u00e9dition du colis ou des services post\u00e9rieurs, qu\u2019une obligation de moyen. La responsabilit\u00e9 de QOSMEO ne saurait \u00eatre engag\u00e9e pour tous les inconv\u00e9nients ou dommages inh\u00e9rents \u00e0 l\u2019utilisation du r\u00e9seau internet, notamment une rupture de service, une intrusion ext\u00e9rieure ou la pr\u00e9sence de virus informatiques, ou de tout fait qualifi\u00e9 de force majeure, conform\u00e9ment \u00e0 la loi et \u00e0 la jurisprudence.<\/p><h2>10. PROPRI\u00c9T\u00c9 INTELLECTUELLE<\/h2><p>En aucun cas le Client n\u2019est autoris\u00e9 \u00e0 t\u00e9l\u00e9charger ou \u00e0 modifier tout ou partie du Site et notamment son contenu (produits list\u00e9s, descriptions, images, vid\u00e9os\u2026).<\/p><p>Ce Site ou toute partie de ce Site ne doit en aucun cas \u00eatre reproduit, copi\u00e9, vendu ou exploit\u00e9 pour des raisons commerciales sans l\u2019autorisation expresse et \u00e9crite de QOSMEO.<\/p><p>D\u2019une mani\u00e8re g\u00e9n\u00e9rale, tous les droits d\u2019auteur, marques et autres signes distinctifs et droits de propri\u00e9t\u00e9 ou de propri\u00e9t\u00e9 intellectuelle figurant sur le Site, resteront la propri\u00e9t\u00e9 pleine et enti\u00e8re de QOSMEO.<\/p><p>Le Client est donc tenu au respect des droits de propri\u00e9t\u00e9 intellectuelle et ne pourra aucunement utiliser les marques figurant sur le Site et sur les Produits le cas \u00e9ch\u00e9ant, ou d\u00e9poser de marque qui porterait pr\u00e9judice au titulaire des droits, sauf disposition contractuelle contraire.<\/p><p>Il en est de m\u00eame pour tout autre droit de propri\u00e9t\u00e9 intellectuelle.<\/p><h2>11. GARANTIES ET RESPONSABILIT\u00c9<\/h2><p>QOSMEO s\u2019engage \u00e0 n\u2019utiliser les informations confidentielles des Clients que dans le cadre de l\u2019exploitation de son Site.<\/p><p>Pour le bon d\u00e9roulement de la commande, les donn\u00e9es nominatives collect\u00e9es feront l\u2019objet d\u2019un traitement informatique, le Client reconna\u00eet en avoir connaissance.<\/p><p>A ce titre, les informations le concernant peuvent \u00eatre communiqu\u00e9es \u00e0 des prestataires techniques de QOSMEO.<\/p><p>Par ailleurs, QOSMEO pourra appliquer des moyens techniques pour obtenir des informations non personnelles relatives aux internautes et destin\u00e9es \u00e0 am\u00e9liorer les fonctionnalit\u00e9s du site, par exemple en tra\u00e7ant le nombre de visiteurs sur certaines pages.<\/p><p>Conform\u00e9ment \u00e0 la loi du 6 janvier 1978 modifi\u00e9e par la loi du 6 ao\u00fbt 2004, le Client dispose d\u2019un droit d\u2019acc\u00e8s et de rectification des donn\u00e9es personnelles le concernant figurant dans les fichiers de QOSMEO. Toute demande doit \u00eatre adress\u00e9e par e-mail \u00e0 bonjour@qosmeo.fr ou par courrier \u00e0 l\u2019adresse suivante : QOSMEO 3335 rue de la Lys 62840 Sailly sur la Lys<\/p><p>Ce traitement informatique a fait l\u2019objet d\u2019une d\u00e9claration aupr\u00e8s de la Commission Nationale de l\u2019Informatique et des Libert\u00e9s (CNIL) qui a d\u00e9livr\u00e9 le r\u00e9c\u00e9piss\u00e9 n\u00b0 1517135 v 0 le 29 Juin 2011.<\/p><h2>12. FORCE MAJEURE<\/h2><p>En cas de survenance d\u2019un \u00e9v\u00e9nement de force majeure, la partie concern\u00e9e devra en informer l\u2019autre dans un d\u00e9lai de quinze (15) jours \u00e0 compter de la survenance de cet \u00e9v\u00e9nement, par lettre recommand\u00e9e avec accus\u00e9 de r\u00e9ception.<\/p><p>De fa\u00e7on expresse, sont consid\u00e9r\u00e9s comme cas de force majeure ou cas fortuit, outre ceux habituellement retenus par la jurisprudence des cours et tribunaux fran\u00e7ais, les gr\u00e8ves totales ou partielles, lock-out, \u00e9meute, les boycottages ou autres actions \u00e0 caract\u00e8re industriel ou litiges commerciaux, trouble civil, insurrection, guerre, intemp\u00e9rie, \u00e9pid\u00e9mie, blocage des moyens de transport ou d\u2019approvisionnement pour quelque raison que ce soit, tremblement de terre, incendie, temp\u00eate, inondation, d\u00e9g\u00e2ts des eaux, restrictions gouvernementales ou l\u00e9gales, modifications l\u00e9gales ou r\u00e9glementaires des formes de commercialisation, panne d\u2019ordinateur, blocage des t\u00e9l\u00e9communications, y compris des r\u00e9seaux de t\u00e9l\u00e9communications filaires ou hertziens, et tout autre cas ind\u00e9pendant de la volont\u00e9 des parties emp\u00eachant l\u2019ex\u00e9cution normale de la relation contractuelle.<\/p><p>L\u2019ensemble des obligations des parties seront suspendues pendant toute la dur\u00e9e de l\u2019\u00e9v\u00e9nement de force majeure, sans indemnit\u00e9.<\/p><p>Si l\u2019\u00e9v\u00e9nement de force majeure se prolonge pendant plus de trois (3) mois, le contrat concern\u00e9 pourra \u00eatre r\u00e9sili\u00e9 de plein droit sans indemnit\u00e9 pour l\u2019une ou l\u2019autre des parties.<\/p><h2>13. DISPOSITIONS G\u00c9N\u00c9RALES<\/h2><h3>13.1. NON VALIDIT\u00c9 PARTIELLE D\u2019UNE CLAUSE<\/h3><p>Si l\u2019une quelconque des stipulations des pr\u00e9sentes conditions est d\u00e9clar\u00e9e nulle ou non opposable par une juridiction comp\u00e9tente, elle sera d\u00e9clar\u00e9e non \u00e9crite et n\u2019entra\u00eenera pas la nullit\u00e9 des autres stipulations.<\/p><h3>13.2. ACTUALISATION<\/h3><p>Les pr\u00e9sentes conditions g\u00e9n\u00e9rales peuvent \u00eatre modifi\u00e9es \u00e0 tout moment et sans pr\u00e9avis par QOSMEO, les conditions applicables \u00e9tant celles en vigueur \u00e0 la date de la commande par le Client.<\/p><p>Les pr\u00e9sentes conditions g\u00e9n\u00e9rales de vente sont accessibles de fa\u00e7on permanente \u00e0 l&#8217;adresse suivante : https:\/\/www.qosmeo.fr\/cgv dans un format informatique permettant leur impression et\/ou leur t\u00e9l\u00e9chargement, de mani\u00e8re \u00e0 ce que ce que le Client puisse proc\u00e9der \u00e0 leur reproduction ou \u00e0 leur sauvegarde.<\/p><h3>13.3. LOI APPLICABLE \u2013 TRIBUNAL COMP\u00c9TENT<\/h3><p>Les pr\u00e9sentes conditions g\u00e9n\u00e9rales sont soumises \u00e0 la loi fran\u00e7aise en ce qui concerne les r\u00e8gles de fond comme les r\u00e8gles de forme. Tout litige devra faire l&#8217;objet d&#8217;une tentative pr\u00e9alable de r\u00e8glement amiable.<\/p><p>En l\u2019absence de r\u00e8glement amiable, comp\u00e9tence est attribu\u00e9e aux tribunaux fran\u00e7ais comp\u00e9tents, nonobstant pluralit\u00e9 de d\u00e9fendeurs ou appel en garantie.<\/p><h3>13.4. : REPRODUCTION DES TEXTES APPLICABLES (ORDONNANCE 2005-136 DU 17 F\u00c9VRIER 2005, CODE DE LA CONSOMMATION, CODE CIVIL)<\/h3><p>Art. L. 211-4. du Code de la consommation<\/p><p>Le vendeur est tenu de livrer un bien conforme au contrat et r\u00e9pond des d\u00e9fauts de conformit\u00e9 existant lors de la d\u00e9livrance. Il r\u00e9pond \u00e9galement des d\u00e9fauts de conformit\u00e9 r\u00e9sultant de l&#8217;emballage, des instructions de montage ou de l&#8217;installation lorsque celle-ci a \u00e9t\u00e9 mise \u00e0 sa charge par le contrat ou a \u00e9t\u00e9 r\u00e9alis\u00e9e sous sa responsabilit\u00e9.<\/p><p>Art. L. 211-5. du Code de la consommation<\/p><p>&#8211; Pour \u00eatre conforme au contrat, le bien doit :<\/p><p>1\u00b0 Etre propre \u00e0 l&#8217;usage habituellement attendu d&#8217;un bien semblable et, le cas \u00e9ch\u00e9ant :<\/p><p>&#8211; correspondre \u00e0 la description donn\u00e9e par le vendeur et poss\u00e9der les qualit\u00e9s que celui-ci a pr\u00e9sent\u00e9es au Client sous forme d&#8217;\u00e9chantillon ou de mod\u00e8le ;<\/p><p>&#8211; pr\u00e9senter les qualit\u00e9s qu&#8217;un Client peut l\u00e9gitimement attendre eu \u00e9gard aux d\u00e9clarations publiques faites par le vendeur, par le producteur ou par son repr\u00e9sentant, notamment dans la publicit\u00e9 ou l&#8217;\u00e9tiquetage ;<\/p><p>2\u00b0 Ou pr\u00e9senter les caract\u00e9ristiques d\u00e9finies d&#8217;un commun accord par les parties ou \u00eatre propre \u00e0 tout usage sp\u00e9cial recherch\u00e9 par le Client, port\u00e9 \u00e0 la connaissance du vendeur et que ce dernier a accept\u00e9.<\/p><p>Art. L. 211-12. du Code de la consommation<\/p><p>L&#8217;action r\u00e9sultant du d\u00e9faut de conformit\u00e9 se prescrit par deux ans \u00e0 compter de la d\u00e9livrance du bien.<\/p><p>Art. 1641 du Code civil<\/p><p>Le vendeur est tenu de la garantie \u00e0 raison des d\u00e9fauts cach\u00e9s de la chose vendue qui la rendent impropre \u00e0 l&#8217;usage auquel on la destine, ou qui diminuent tellement cet usage, que le Client ne l&#8217;aurait pas acquise, ou n&#8217;en aurait donn\u00e9 qu&#8217;un moindre prix, s&#8217;il les avait connus.<\/p><p>Art. 1648 alin\u00e9a 1 du Code civil<\/p><p>L&#8217;action r\u00e9sultant des vices r\u00e9dhibitoires doit \u00eatre intent\u00e9e par l&#8217;acqu\u00e9reur dans un d\u00e9lai de deux ans \u00e0 compter de la d\u00e9couverte du vice.<\/p><p>Nous restons disponible par t\u00e9l\u00e9phone au 0321623881.<\/p>\t\t\t\t\t\t\t\t<\/div>\n\t\t\t\t<\/div>\n\t\t\t\t\t<\/div>\n\t\t<\/div>\n\t\t\t\t\t<\/div>\n\t\t<\/section>\n\t\t\t\t<\/div>\n\t\t","protected":false},"excerpt":{"rendered":"<p>CONDITIONS G\u00c9N\u00c9RALES DE VENTE 1. OBJET Les pr\u00e9sentes conditions g\u00e9n\u00e9rales de vente visent \u00e0 d\u00e9finir les droits et obligations de QOSMEO et du Client de produits pr\u00e9sent\u00e9s par QOSMEO sur son site www.qosmeo.fr (ci-apr\u00e8s \u00ab le Site \u00bb). Elles s&#8217;appliquent de fa\u00e7on exclusive entre la soci\u00e9t\u00e9 QOSMEO, 3335, rue de la Lys 62840 Sailly sur [&hellip;]<\/p>\n","protected":false},"author":1,"featured_media":0,"parent":0,"menu_order":0,"comment_status":"closed","ping_status":"closed","template":"","meta":{"footnotes":""},"class_list":["post-41842","page","type-page","status-publish","hentry"],"_links":{"self":[{"href":"https:\/\/qosmeo.fr\/index.php\/wp-json\/wp\/v2\/pages\/41842","targetHints":{"allow":["GET"]}}],"collection":[{"href":"https:\/\/qosmeo.fr\/index.php\/wp-json\/wp\/v2\/pages"}],"about":[{"href":"https:\/\/qosmeo.fr\/index.php\/wp-json\/wp\/v2\/types\/page"}],"author":[{"embeddable":true,"href":"https:\/\/qosmeo.fr\/index.php\/wp-json\/wp\/v2\/users\/1"}],"replies":[{"embeddable":true,"href":"https:\/\/qosmeo.fr\/index.php\/wp-json\/wp\/v2\/comments?post=41842"}],"version-history":[{"count":3,"href":"https:\/\/qosmeo.fr\/index.php\/wp-json\/wp\/v2\/pages\/41842\/revisions"}],"predecessor-version":[{"id":41920,"href":"https:\/\/qosmeo.fr\/index.php\/wp-json\/wp\/v2\/pages\/41842\/revisions\/41920"}],"wp:attachment":[{"href":"https:\/\/qosmeo.fr\/index.php\/wp-json\/wp\/v2\/media?parent=41842"}],"curies":[{"name":"wp","href":"https:\/\/api.w.org\/{rel}","templated":true}]}}