{"id":196838,"date":"2025-01-11T22:12:47","date_gmt":"2025-01-11T21:12:47","guid":{"rendered":"https:\/\/qosmeo.fr\/?page_id=196838"},"modified":"2025-01-13T15:07:25","modified_gmt":"2025-01-13T14:07:25","slug":"rituel-head-spa","status":"publish","type":"page","link":"https:\/\/qosmeo.fr\/index.php\/rituel-head-spa\/","title":{"rendered":"Le head spa"},"content":{"rendered":"\t\t<div data-elementor-type=\"wp-page\" data-elementor-id=\"196838\" class=\"elementor elementor-196838\">\n\t\t\t\t\t\t<section class=\"elementor-section elementor-top-section elementor-element elementor-element-fec507e elementor-section-boxed elementor-section-height-default elementor-section-height-default\" data-id=\"fec507e\" data-element_type=\"section\" data-e-type=\"section\">\n\t\t\t\t\t\t<div class=\"elementor-container elementor-column-gap-default\">\n\t\t\t\t\t<div class=\"elementor-column elementor-col-100 elementor-top-column elementor-element elementor-element-95b2795\" data-id=\"95b2795\" data-element_type=\"column\" data-e-type=\"column\">\n\t\t\t<div class=\"elementor-widget-wrap elementor-element-populated\">\n\t\t\t\t\t\t<div class=\"elementor-element elementor-element-5f2b4bc elementor-widget elementor-widget-heading\" data-id=\"5f2b4bc\" data-element_type=\"widget\" data-e-type=\"widget\" data-widget_type=\"heading.default\">\n\t\t\t\t<div class=\"elementor-widget-container\">\n\t\t\t\t\t<h1 class=\"elementor-heading-title elementor-size-default\">LE HEAD SPA QOSMEO<\/h1>\t\t\t\t<\/div>\n\t\t\t\t<\/div>\n\t\t\t\t\t<\/div>\n\t\t<\/div>\n\t\t\t\t\t<\/div>\n\t\t<\/section>\n\t\t\t\t<section class=\"elementor-section elementor-top-section elementor-element elementor-element-5c775b5 elementor-section-boxed elementor-section-height-default elementor-section-height-default\" data-id=\"5c775b5\" data-element_type=\"section\" data-e-type=\"section\">\n\t\t\t\t\t\t<div class=\"elementor-container elementor-column-gap-default\">\n\t\t\t\t\t<div class=\"elementor-column elementor-col-100 elementor-top-column elementor-element elementor-element-8a02236\" data-id=\"8a02236\" data-element_type=\"column\" data-e-type=\"column\">\n\t\t\t<div class=\"elementor-widget-wrap elementor-element-populated\">\n\t\t\t\t\t\t<div class=\"elementor-element elementor-element-204dc52 elementor-widget elementor-widget-spacer\" data-id=\"204dc52\" data-element_type=\"widget\" data-e-type=\"widget\" data-widget_type=\"spacer.default\">\n\t\t\t\t<div class=\"elementor-widget-container\">\n\t\t\t\t\t\t\t<div class=\"elementor-spacer\">\n\t\t\t<div class=\"elementor-spacer-inner\"><\/div>\n\t\t<\/div>\n\t\t\t\t\t\t<\/div>\n\t\t\t\t<\/div>\n\t\t\t\t\t<\/div>\n\t\t<\/div>\n\t\t\t\t\t<\/div>\n\t\t<\/section>\n\t\t\t\t<section class=\"elementor-section elementor-top-section elementor-element elementor-element-08d7467 elementor-section-boxed elementor-section-height-default elementor-section-height-default\" data-id=\"08d7467\" data-element_type=\"section\" data-e-type=\"section\">\n\t\t\t\t\t\t<div class=\"elementor-container elementor-column-gap-default\">\n\t\t\t\t\t<div class=\"elementor-column elementor-col-50 elementor-top-column elementor-element elementor-element-c340b12\" data-id=\"c340b12\" data-element_type=\"column\" data-e-type=\"column\">\n\t\t\t<div class=\"elementor-widget-wrap elementor-element-populated\">\n\t\t\t\t\t\t<div class=\"elementor-element elementor-element-3e66e87 elementor-widget elementor-widget-text-editor\" data-id=\"3e66e87\" data-element_type=\"widget\" data-e-type=\"widget\" data-widget_type=\"text-editor.default\">\n\t\t\t\t<div class=\"elementor-widget-container\">\n\t\t\t\t\t\t\t\t\t<p>Le soin Head Spa Japonais est une exp\u00e9rience de bien-\u00eatre compl\u00e8te qui combine des techniques de massage, de relaxation et des soins capillaires sp\u00e9cifiques, inspir\u00e9es des traditions japonaises.\u00a0<\/p>\t\t\t\t\t\t\t\t<\/div>\n\t\t\t\t<\/div>\n\t\t\t\t\t<\/div>\n\t\t<\/div>\n\t\t\t\t<div class=\"elementor-column elementor-col-50 elementor-top-column elementor-element elementor-element-2c981e3\" data-id=\"2c981e3\" data-element_type=\"column\" data-e-type=\"column\">\n\t\t\t<div class=\"elementor-widget-wrap elementor-element-populated\">\n\t\t\t\t\t\t<div class=\"elementor-element elementor-element-c841e9f elementor-widget elementor-widget-video\" data-id=\"c841e9f\" data-element_type=\"widget\" data-e-type=\"widget\" data-settings=\"{&quot;video_type&quot;:&quot;hosted&quot;,&quot;autoplay&quot;:&quot;yes&quot;,&quot;play_on_mobile&quot;:&quot;yes&quot;,&quot;mute&quot;:&quot;yes&quot;,&quot;loop&quot;:&quot;yes&quot;,&quot;controls&quot;:&quot;yes&quot;}\" data-widget_type=\"video.default\">\n\t\t\t\t<div class=\"elementor-widget-container\">\n\t\t\t\t\t\t\t<div class=\"e-hosted-video elementor-wrapper elementor-open-inline\">\n\t\t\t\t\t<video class=\"elementor-video\" src=\"https:\/\/qosmeo.fr\/wp-content\/uploads\/2025\/01\/Head-spa.mp4\" autoplay=\"\" loop=\"\" controls=\"\" muted=\"muted\" playsinline=\"\" controlsList=\"nodownload\"><\/video>\n\t\t\t\t<\/div>\n\t\t\t\t\t\t<\/div>\n\t\t\t\t<\/div>\n\t\t\t\t\t<\/div>\n\t\t<\/div>\n\t\t\t\t\t<\/div>\n\t\t<\/section>\n\t\t\t\t<section class=\"elementor-section elementor-top-section elementor-element elementor-element-380a29d elementor-section-boxed elementor-section-height-default elementor-section-height-default\" data-id=\"380a29d\" data-element_type=\"section\" data-e-type=\"section\">\n\t\t\t\t\t\t<div class=\"elementor-container elementor-column-gap-default\">\n\t\t\t\t\t<div class=\"elementor-column elementor-col-100 elementor-top-column elementor-element elementor-element-ec321f1\" data-id=\"ec321f1\" data-element_type=\"column\" data-e-type=\"column\">\n\t\t\t<div class=\"elementor-widget-wrap elementor-element-populated\">\n\t\t\t\t\t\t<div class=\"elementor-element elementor-element-3fa5c42 elementor-widget elementor-widget-heading\" data-id=\"3fa5c42\" data-element_type=\"widget\" data-e-type=\"widget\" data-widget_type=\"heading.default\">\n\t\t\t\t<div class=\"elementor-widget-container\">\n\t\t\t\t\t<h2 class=\"elementor-heading-title elementor-size-default\">Pr\u00e9sentation du Soin Head Spa Japonais chez Qosm\u00e9o<\/h2>\t\t\t\t<\/div>\n\t\t\t\t<\/div>\n\t\t\t\t\t<\/div>\n\t\t<\/div>\n\t\t\t\t\t<\/div>\n\t\t<\/section>\n\t\t\t\t<section class=\"elementor-section elementor-top-section elementor-element elementor-element-31b6512 elementor-section-boxed elementor-section-height-default elementor-section-height-default\" data-id=\"31b6512\" data-element_type=\"section\" data-e-type=\"section\">\n\t\t\t\t\t\t<div class=\"elementor-container elementor-column-gap-default\">\n\t\t\t\t\t<div class=\"elementor-column elementor-col-100 elementor-top-column elementor-element elementor-element-9cf0b2b\" data-id=\"9cf0b2b\" data-element_type=\"column\" data-e-type=\"column\">\n\t\t\t<div class=\"elementor-widget-wrap elementor-element-populated\">\n\t\t\t\t\t\t<div class=\"elementor-element elementor-element-091f119 elementor-widget-divider--view-line elementor-widget elementor-widget-divider\" data-id=\"091f119\" data-element_type=\"widget\" data-e-type=\"widget\" data-widget_type=\"divider.default\">\n\t\t\t\t<div class=\"elementor-widget-container\">\n\t\t\t\t\t\t\t<div class=\"elementor-divider\">\n\t\t\t<span class=\"elementor-divider-separator\">\n\t\t\t\t\t\t<\/span>\n\t\t<\/div>\n\t\t\t\t\t\t<\/div>\n\t\t\t\t<\/div>\n\t\t\t\t\t<\/div>\n\t\t<\/div>\n\t\t\t\t\t<\/div>\n\t\t<\/section>\n\t\t\t\t<section class=\"elementor-section elementor-top-section elementor-element elementor-element-51867c7 elementor-section-boxed elementor-section-height-default elementor-section-height-default\" data-id=\"51867c7\" data-element_type=\"section\" data-e-type=\"section\">\n\t\t\t\t\t\t<div class=\"elementor-container elementor-column-gap-default\">\n\t\t\t\t\t<div class=\"elementor-column elementor-col-33 elementor-top-column elementor-element elementor-element-046881e\" data-id=\"046881e\" data-element_type=\"column\" data-e-type=\"column\">\n\t\t\t<div class=\"elementor-widget-wrap elementor-element-populated\">\n\t\t\t\t\t\t<div class=\"elementor-element elementor-element-52fbe84 elementor-widget elementor-widget-text-editor\" data-id=\"52fbe84\" data-element_type=\"widget\" data-e-type=\"widget\" data-widget_type=\"text-editor.default\">\n\t\t\t\t<div class=\"elementor-widget-container\">\n\t\t\t\t\t\t\t\t\t<p><strong>Rituel Head Spa Enfant\u00a0 \u00a0 \u00a0\u00a0<span style=\"color: var( --e-global-color-text );font-family: var( --e-global-typography-text-font-family ), Sans-serif\">45 min 59\u20ac<\/span><\/strong><\/p><p><span style=\"color: var( --e-global-color-text );font-family: var( --e-global-typography-text-font-family ), Sans-serif;font-weight: var( --e-global-typography-text-font-weight )\">Head Spa pour les enfants ( de 6 \u00e0 12 ans )<\/span><span style=\"color: var( --e-global-color-text );font-family: var( --e-global-typography-text-font-family ), Sans-serif;font-weight: var( --e-global-typography-text-font-weight )\">Massage cr\u00e2nien , Hydroth\u00e9rapie, shampoing + massage doux du cuir chevelu , modelage du visage OU masque cheveux , s\u00e9chage<\/span><\/p>\t\t\t\t\t\t\t\t<\/div>\n\t\t\t\t<\/div>\n\t\t\t\t\t<\/div>\n\t\t<\/div>\n\t\t\t\t<div class=\"elementor-column elementor-col-33 elementor-top-column elementor-element elementor-element-a869aa8\" data-id=\"a869aa8\" data-element_type=\"column\" data-e-type=\"column\">\n\t\t\t<div class=\"elementor-widget-wrap elementor-element-populated\">\n\t\t\t\t\t\t<div class=\"elementor-element elementor-element-2c7ce16 elementor-widget elementor-widget-text-editor\" data-id=\"2c7ce16\" data-element_type=\"widget\" data-e-type=\"widget\" data-widget_type=\"text-editor.default\">\n\t\t\t\t<div class=\"elementor-widget-container\">\n\t\t\t\t\t\t\t\t\t<p><strong>Rituel Head Spa signature 1H 79\u20ac<\/strong><\/p>\n<p>D\u00e9maquillage visage , massage cr\u00e2nien , hydroth\u00e9rapie, shampoing + massage du cuir chevelu , masque cheveux , modelage du visage + d\u00e9collet\u00e9 , s\u00e9chage et d\u00e9tente ( mis \u00e0 disposition d&#8217;un s\u00e8che cheveux )<\/p>\t\t\t\t\t\t\t\t<\/div>\n\t\t\t\t<\/div>\n\t\t\t\t\t<\/div>\n\t\t<\/div>\n\t\t\t\t<div class=\"elementor-column elementor-col-33 elementor-top-column elementor-element elementor-element-81df735\" data-id=\"81df735\" data-element_type=\"column\" data-e-type=\"column\">\n\t\t\t<div class=\"elementor-widget-wrap elementor-element-populated\">\n\t\t\t\t\t\t<div class=\"elementor-element elementor-element-800a299 elementor-widget elementor-widget-text-editor\" data-id=\"800a299\" data-element_type=\"widget\" data-e-type=\"widget\" data-widget_type=\"text-editor.default\">\n\t\t\t\t<div class=\"elementor-widget-container\">\n\t\t\t\t\t\t\t\t\t<p><strong>Rituel Head Spa Evasion 1H30\u00a0 \u00a0 109\u20ac<\/strong><\/p><p>D\u00e9maquillage , gommage du visage , masque du visage , massage cr\u00e2nien ,hydroth\u00e9rapie, shampoing + massage du cuir chevelu , masque cheveux, modelage du visage , s\u00e9chage et d\u00e9tente ( mis \u00e0 disposition d&#8217;un s\u00e8che cheveux )<\/p>\t\t\t\t\t\t\t\t<\/div>\n\t\t\t\t<\/div>\n\t\t\t\t\t<\/div>\n\t\t<\/div>\n\t\t\t\t\t<\/div>\n\t\t<\/section>\n\t\t\t\t<section class=\"elementor-section elementor-top-section elementor-element elementor-element-4d2c7d3 elementor-section-boxed elementor-section-height-default elementor-section-height-default\" data-id=\"4d2c7d3\" data-element_type=\"section\" data-e-type=\"section\">\n\t\t\t\t\t\t<div class=\"elementor-container elementor-column-gap-default\">\n\t\t\t\t\t<div class=\"elementor-column elementor-col-33 elementor-top-column elementor-element elementor-element-753e8c4\" data-id=\"753e8c4\" data-element_type=\"column\" data-e-type=\"column\">\n\t\t\t<div class=\"elementor-widget-wrap elementor-element-populated\">\n\t\t\t\t\t\t<div class=\"elementor-element elementor-element-878a18b elementor-widget elementor-widget-image\" data-id=\"878a18b\" data-element_type=\"widget\" data-e-type=\"widget\" data-widget_type=\"image.default\">\n\t\t\t\t<div class=\"elementor-widget-container\">\n\t\t\t\t\t\t\t\t\t\t\t\t\t\t\t\t<a href=\"https:\/\/app.kiute.com\/qosmeo\/category\/5838440008581120\">\n\t\t\t\t\t\t\t<img fetchpriority=\"high\" decoding=\"async\" width=\"900\" height=\"900\" src=\"https:\/\/qosmeo.fr\/wp-content\/uploads\/2025\/01\/vlcsnap-2025-01-13-14h48m17s409-1024x1024.png\" class=\"attachment-large size-large wp-image-196861\" alt=\"\" srcset=\"https:\/\/qosmeo.fr\/wp-content\/uploads\/2025\/01\/vlcsnap-2025-01-13-14h48m17s409-1024x1024.png 1024w, https:\/\/qosmeo.fr\/wp-content\/uploads\/2025\/01\/vlcsnap-2025-01-13-14h48m17s409-300x300.png 300w, https:\/\/qosmeo.fr\/wp-content\/uploads\/2025\/01\/vlcsnap-2025-01-13-14h48m17s409-150x150.png 150w, https:\/\/qosmeo.fr\/wp-content\/uploads\/2025\/01\/vlcsnap-2025-01-13-14h48m17s409-768x768.png 768w, https:\/\/qosmeo.fr\/wp-content\/uploads\/2025\/01\/vlcsnap-2025-01-13-14h48m17s409-600x600.png 600w, https:\/\/qosmeo.fr\/wp-content\/uploads\/2025\/01\/vlcsnap-2025-01-13-14h48m17s409-100x100.png 100w, https:\/\/qosmeo.fr\/wp-content\/uploads\/2025\/01\/vlcsnap-2025-01-13-14h48m17s409.png 1080w\" sizes=\"(max-width: 900px) 100vw, 900px\" \/>\t\t\t\t\t\t\t\t<\/a>\n\t\t\t\t\t\t\t\t\t\t\t\t\t\t\t<\/div>\n\t\t\t\t<\/div>\n\t\t\t\t\t<\/div>\n\t\t<\/div>\n\t\t\t\t<div class=\"elementor-column elementor-col-33 elementor-top-column elementor-element elementor-element-bf5ceff\" data-id=\"bf5ceff\" data-element_type=\"column\" data-e-type=\"column\">\n\t\t\t<div class=\"elementor-widget-wrap elementor-element-populated\">\n\t\t\t\t\t\t<div class=\"elementor-element elementor-element-0c4cdfa elementor-widget elementor-widget-image\" data-id=\"0c4cdfa\" data-element_type=\"widget\" data-e-type=\"widget\" data-widget_type=\"image.default\">\n\t\t\t\t<div class=\"elementor-widget-container\">\n\t\t\t\t\t\t\t\t\t\t\t\t\t\t\t\t<a href=\"https:\/\/app.kiute.com\/qosmeo\/category\/5838440008581120\">\n\t\t\t\t\t\t\t<img decoding=\"async\" width=\"500\" height=\"500\" src=\"https:\/\/qosmeo.fr\/wp-content\/uploads\/2022\/02\/rdv-en-ligne-image-qosmeo.-ai.jpg\" class=\"attachment-large size-large wp-image-196357\" alt=\"\" srcset=\"https:\/\/qosmeo.fr\/wp-content\/uploads\/2022\/02\/rdv-en-ligne-image-qosmeo.-ai.jpg 500w, https:\/\/qosmeo.fr\/wp-content\/uploads\/2022\/02\/rdv-en-ligne-image-qosmeo.-ai-300x300.jpg 300w, https:\/\/qosmeo.fr\/wp-content\/uploads\/2022\/02\/rdv-en-ligne-image-qosmeo.-ai-150x150.jpg 150w, https:\/\/qosmeo.fr\/wp-content\/uploads\/2022\/02\/rdv-en-ligne-image-qosmeo.-ai-100x100.jpg 100w\" sizes=\"(max-width: 500px) 100vw, 500px\" \/>\t\t\t\t\t\t\t\t<\/a>\n\t\t\t\t\t\t\t\t\t\t\t\t\t\t\t<\/div>\n\t\t\t\t<\/div>\n\t\t\t\t\t<\/div>\n\t\t<\/div>\n\t\t\t\t<div class=\"elementor-column elementor-col-33 elementor-top-column elementor-element elementor-element-63fedcd\" data-id=\"63fedcd\" data-element_type=\"column\" data-e-type=\"column\">\n\t\t\t<div class=\"elementor-widget-wrap elementor-element-populated\">\n\t\t\t\t\t\t<div class=\"elementor-element elementor-element-436efcd elementor-widget elementor-widget-image\" data-id=\"436efcd\" data-element_type=\"widget\" data-e-type=\"widget\" data-widget_type=\"image.default\">\n\t\t\t\t<div class=\"elementor-widget-container\">\n\t\t\t\t\t\t\t\t\t\t\t\t\t\t\t\t<a href=\"https:\/\/app.kiute.com\/qosmeo\/category\/5838440008581120\">\n\t\t\t\t\t\t\t<img decoding=\"async\" width=\"900\" height=\"900\" src=\"https:\/\/qosmeo.fr\/wp-content\/uploads\/2025\/01\/vlcsnap-2025-01-13-14h48m31s054-1024x1024.png\" class=\"attachment-large size-large wp-image-196862\" alt=\"\" srcset=\"https:\/\/qosmeo.fr\/wp-content\/uploads\/2025\/01\/vlcsnap-2025-01-13-14h48m31s054-1024x1024.png 1024w, https:\/\/qosmeo.fr\/wp-content\/uploads\/2025\/01\/vlcsnap-2025-01-13-14h48m31s054-300x300.png 300w, https:\/\/qosmeo.fr\/wp-content\/uploads\/2025\/01\/vlcsnap-2025-01-13-14h48m31s054-150x150.png 150w, https:\/\/qosmeo.fr\/wp-content\/uploads\/2025\/01\/vlcsnap-2025-01-13-14h48m31s054-768x768.png 768w, https:\/\/qosmeo.fr\/wp-content\/uploads\/2025\/01\/vlcsnap-2025-01-13-14h48m31s054-600x600.png 600w, https:\/\/qosmeo.fr\/wp-content\/uploads\/2025\/01\/vlcsnap-2025-01-13-14h48m31s054-100x100.png 100w, https:\/\/qosmeo.fr\/wp-content\/uploads\/2025\/01\/vlcsnap-2025-01-13-14h48m31s054.png 1080w\" sizes=\"(max-width: 900px) 100vw, 900px\" \/>\t\t\t\t\t\t\t\t<\/a>\n\t\t\t\t\t\t\t\t\t\t\t\t\t\t\t<\/div>\n\t\t\t\t<\/div>\n\t\t\t\t\t<\/div>\n\t\t<\/div>\n\t\t\t\t\t<\/div>\n\t\t<\/section>\n\t\t\t\t<section class=\"elementor-section elementor-top-section elementor-element elementor-element-ee95a3e elementor-section-boxed elementor-section-height-default elementor-section-height-default\" data-id=\"ee95a3e\" data-element_type=\"section\" data-e-type=\"section\">\n\t\t\t\t\t\t<div class=\"elementor-container elementor-column-gap-default\">\n\t\t\t\t\t<div class=\"elementor-column elementor-col-100 elementor-top-column elementor-element elementor-element-478d577\" data-id=\"478d577\" data-element_type=\"column\" data-e-type=\"column\">\n\t\t\t<div class=\"elementor-widget-wrap elementor-element-populated\">\n\t\t\t\t\t\t<div class=\"elementor-element elementor-element-f3d9284 elementor-widget elementor-widget-text-editor\" data-id=\"f3d9284\" data-element_type=\"widget\" data-e-type=\"widget\" data-widget_type=\"text-editor.default\">\n\t\t\t\t<div class=\"elementor-widget-container\">\n\t\t\t\t\t\t\t\t\t<p>Le soin Head Spa Japonais est une exp\u00e9rience unique qui combine massage, relaxation et soins capillaires, inspir\u00e9e des traditions japonaises. Il permet de retrouver un cuir chevelu sain tout en procurant une sensation de bien-\u00eatre profond.<\/p><p>Le soin commence par un d\u00e9maquillage, \u00e9liminant les impuret\u00e9s et l&#8217;exc\u00e8s de s\u00e9bum. Ensuite, un massage du cuir chevelu, inspir\u00e9 des techniques japonaises, est effectu\u00e9 pour stimuler la circulation sanguine et d\u00e9tendre les tensions. Ce massage est suivi de l\u2019application de soins adapt\u00e9s, nourrissants et hydratants pour revitaliser les cheveux et le cuir chevelu.<\/p><p>Ensuite, un massage du visage et du cou vient compl\u00e9ter cette exp\u00e9rience de relaxation, en lib\u00e9rant les tensions accumul\u00e9es. Le soin se termine par un rin\u00e7age soigneux et un s\u00e9chage doux.<\/p><p>Les bienfaits de ce soin sont nombreux : r\u00e9duction du stress, am\u00e9lioration de la circulation, pr\u00e9vention des probl\u00e8mes capillaires, et un moment de relaxation intense. Il nettoie en profondeur, hydrate, et renforce les cheveux.<\/p><p>Choisir le soin Head Spa Japonais, c\u2019est s&#8217;offrir une parenth\u00e8se de d\u00e9tente absolue, tout en prenant soin de la sant\u00e9 de ses cheveux. Ce soin, alliant tradition et modernit\u00e9, est une v\u00e9ritable invitation \u00e0 la relaxation et \u00e0 la beaut\u00e9.<\/p>\t\t\t\t\t\t\t\t<\/div>\n\t\t\t\t<\/div>\n\t\t\t\t\t<\/div>\n\t\t<\/div>\n\t\t\t\t\t<\/div>\n\t\t<\/section>\n\t\t\t\t<section class=\"elementor-section elementor-top-section elementor-element elementor-element-a57fa4c elementor-section-boxed elementor-section-height-default elementor-section-height-default\" data-id=\"a57fa4c\" data-element_type=\"section\" data-e-type=\"section\">\n\t\t\t\t\t\t<div class=\"elementor-container elementor-column-gap-default\">\n\t\t\t\t\t<div class=\"elementor-column elementor-col-100 elementor-top-column elementor-element elementor-element-d14742c\" data-id=\"d14742c\" data-element_type=\"column\" data-e-type=\"column\">\n\t\t\t<div class=\"elementor-widget-wrap elementor-element-populated\">\n\t\t\t\t\t\t<div class=\"elementor-element elementor-element-9a52b6d elementor-widget elementor-widget-heading\" data-id=\"9a52b6d\" data-element_type=\"widget\" data-e-type=\"widget\" data-widget_type=\"heading.default\">\n\t\t\t\t<div class=\"elementor-widget-container\">\n\t\t\t\t\t<h2 class=\"elementor-heading-title elementor-size-default\">Bienfaits du Head Spa Japonais :<\/h2>\t\t\t\t<\/div>\n\t\t\t\t<\/div>\n\t\t\t\t\t<\/div>\n\t\t<\/div>\n\t\t\t\t\t<\/div>\n\t\t<\/section>\n\t\t\t\t<section class=\"elementor-section elementor-top-section elementor-element elementor-element-51ce464 elementor-section-boxed elementor-section-height-default elementor-section-height-default\" data-id=\"51ce464\" data-element_type=\"section\" data-e-type=\"section\">\n\t\t\t\t\t\t<div class=\"elementor-container elementor-column-gap-default\">\n\t\t\t\t\t<div class=\"elementor-column elementor-col-100 elementor-top-column elementor-element elementor-element-14db294\" data-id=\"14db294\" data-element_type=\"column\" data-e-type=\"column\">\n\t\t\t<div class=\"elementor-widget-wrap elementor-element-populated\">\n\t\t\t\t\t\t<div class=\"elementor-element elementor-element-f32f011 elementor-widget-divider--view-line elementor-widget elementor-widget-divider\" data-id=\"f32f011\" data-element_type=\"widget\" data-e-type=\"widget\" data-widget_type=\"divider.default\">\n\t\t\t\t<div class=\"elementor-widget-container\">\n\t\t\t\t\t\t\t<div class=\"elementor-divider\">\n\t\t\t<span class=\"elementor-divider-separator\">\n\t\t\t\t\t\t<\/span>\n\t\t<\/div>\n\t\t\t\t\t\t<\/div>\n\t\t\t\t<\/div>\n\t\t\t\t\t<\/div>\n\t\t<\/div>\n\t\t\t\t\t<\/div>\n\t\t<\/section>\n\t\t\t\t<section class=\"elementor-section elementor-top-section elementor-element elementor-element-b7a8b99 elementor-section-boxed elementor-section-height-default elementor-section-height-default\" data-id=\"b7a8b99\" data-element_type=\"section\" data-e-type=\"section\">\n\t\t\t\t\t\t<div class=\"elementor-container elementor-column-gap-default\">\n\t\t\t\t\t<div class=\"elementor-column elementor-col-100 elementor-top-column elementor-element elementor-element-325aa4d5\" data-id=\"325aa4d5\" data-element_type=\"column\" data-e-type=\"column\">\n\t\t\t<div class=\"elementor-widget-wrap elementor-element-populated\">\n\t\t\t\t\t\t<div class=\"elementor-element elementor-element-2ddf4b85 elementor-widget elementor-widget-text-editor\" data-id=\"2ddf4b85\" data-element_type=\"widget\" data-e-type=\"widget\" data-widget_type=\"text-editor.default\">\n\t\t\t\t<div class=\"elementor-widget-container\">\n\t\t\t\t\t\t\t\t\t<p><em>R\u00e9duction du Stress :<\/em> Le massage stimule les zones de d\u00e9tente du corps, ce qui permet de r\u00e9duire le stress et d\u2019am\u00e9liorer le bien-\u00eatre g\u00e9n\u00e9ral.<br \/>Am\u00e9lioration de la Circulation : La stimulation du cuir chevelu favorise une meilleure circulation sanguine, ce qui contribue \u00e0 renforcer les racines des cheveux et \u00e0 am\u00e9liorer leur qualit\u00e9.<br \/><em>Pr\u00e9vention des Probl\u00e8mes Capillaires :<\/em> Ce soin permet de r\u00e9guler l&#8217;exc\u00e8s de s\u00e9bum, d&#8217;\u00e9viter la chute des cheveux et d&#8217;hydrater en profondeur le cuir chevelu.<br \/><em>Relaxation Profonde :<\/em> Le Head Spa est une exp\u00e9rience sensorielle compl\u00e8te qui aide \u00e0 r\u00e9duire la fatigue mentale et physique, en apportant une sensation de bien-\u00eatre imm\u00e9diate.<br \/><em>Purification du Cuir Chevelu :<\/em> Le soin nettoie le cuir chevelu en profondeur, favorisant une meilleure croissance des cheveux et leur donnant plus de volume et de brillance.<\/p><p><\/p><\/div><\/div><\/div><\/div><\/div><\/section><\/div> <a href=\"https:\/\/qosmeo.fr\/index.php\/rituel-head-spa\/#more-196838\" class=\"more-link elementor-more-link\"><span aria-label=\"Poursuivre la lecture Le head spa\">(plus\u2026)<\/span><\/a>","protected":false},"excerpt":{"rendered":"<p>LE HEAD SPA QOSMEO Le soin Head Spa Japonais est une exp\u00e9rience de bien-\u00eatre compl\u00e8te qui combine des techniques de massage, de relaxation et des soins capillaires sp\u00e9cifiques, inspir\u00e9es des traditions japonaises.\u00a0 https:\/\/qosmeo.fr\/wp-content\/uploads\/2025\/01\/Head-spa.mp4 Pr\u00e9sentation du Soin Head Spa Japonais chez Qosm\u00e9o Rituel Head Spa Enfant\u00a0 \u00a0 \u00a0\u00a045 min 59\u20ac Head Spa pour les enfants ( [&hellip;]<\/p>\n","protected":false},"author":1,"featured_media":0,"parent":0,"menu_order":0,"comment_status":"closed","ping_status":"closed","template":"","meta":{"footnotes":""},"class_list":["post-196838","page","type-page","status-publish","hentry"],"_links":{"self":[{"href":"https:\/\/qosmeo.fr\/index.php\/wp-json\/wp\/v2\/pages\/196838","targetHints":{"allow":["GET"]}}],"collection":[{"href":"https:\/\/qosmeo.fr\/index.php\/wp-json\/wp\/v2\/pages"}],"about":[{"href":"https:\/\/qosmeo.fr\/index.php\/wp-json\/wp\/v2\/types\/page"}],"author":[{"embeddable":true,"href":"https:\/\/qosmeo.fr\/index.php\/wp-json\/wp\/v2\/users\/1"}],"replies":[{"embeddable":true,"href":"https:\/\/qosmeo.fr\/index.php\/wp-json\/wp\/v2\/comments?post=196838"}],"version-history":[{"count":28,"href":"https:\/\/qosmeo.fr\/index.php\/wp-json\/wp\/v2\/pages\/196838\/revisions"}],"predecessor-version":[{"id":196874,"href":"https:\/\/qosmeo.fr\/index.php\/wp-json\/wp\/v2\/pages\/196838\/revisions\/196874"}],"wp:attachment":[{"href":"https:\/\/qosmeo.fr\/index.php\/wp-json\/wp\/v2\/media?parent=196838"}],"curies":[{"name":"wp","href":"https:\/\/api.w.org\/{rel}","templated":true}]}}